{"id":96,"date":"2015-06-10T12:16:51","date_gmt":"2015-06-10T10:16:51","guid":{"rendered":"http:\/\/brg16.casc.at\/?page_id=96"},"modified":"2026-02-18T15:01:45","modified_gmt":"2026-02-18T14:01:45","slug":"tagesbetreuung","status":"publish","type":"page","link":"https:\/\/www.rg16.at\/index.php\/schulprofil\/tagesbetreuung\/","title":{"rendered":"Tagesbetreuung"},"content":{"rendered":"<p><img decoding=\"async\" loading=\"lazy\" class=\" size-medium wp-image-668 alignleft\" src=\"https:\/\/brg16.casc.at\/wp-content\/uploads\/2015\/06\/tb-300x231.jpg\" alt=\"Tagesbetreuung\" width=\"300\" height=\"231\" srcset=\"https:\/\/www.rg16.at\/wp-content\/uploads\/2015\/06\/tb-300x231.jpg 300w, https:\/\/www.rg16.at\/wp-content\/uploads\/2015\/06\/tb.jpg 432w\" sizes=\"(max-width: 300px) 100vw, 300px\" \/><\/p>\n<p>Unsere Tagesbetreuung findet <strong>Montag bis Freitag von 12:05 bis 18:00<\/strong> im gem\u00fctlich eingerichteten Aufenthaltsraum sowie in 5 zus\u00e4tzlichen Klassenzimmern statt. Dabei wechseln sich Freizeit, Lernzeit, Kreativ- und Sportstunden ab.<\/p>\n<p>W\u00e4hrend der <strong>Freizeit<\/strong> erholen sich unsere Sch\u00fclerInnen im Aufenthaltsraum, im Hof, am Sportplatz oder im Turnsaal bei Ballspielen, Karten- und Brettspielen, B\u00fcchern und Videos, beim Basteln, beim Tischtennisspielen, bei Festen und vielem mehr.<\/p>\n<p>In der <strong>Lernzeit<\/strong> werden Haus\u00fcbungen und Unterrichtsvorbereitungen mit ProfessorInnen unserer Schule erledigt. Sch\u00fclerInnen einer Klasse arbeiten dabei gemeinsam in einer Lerngruppe. Bei Fragen stehen ihnen die ProfessorInnen hilfreich zur Verf\u00fcgung und kontrollieren auch die Vollst\u00e4ndigkeit der Haus\u00fcbungen.<\/p>\n<p>Dar\u00fcber hinaus gibt es ein Angebot an <strong>Kreativstunden<\/strong> (dieses Jahr: Geschichte erleben, Instrumentalunterricht, Schach, Movie Mania) sowie verschiedene <strong>Sportkurse\u00a0<\/strong>(Handball, Trendsport, Ger\u00e4teturnen&#8230;) .<\/p>\n<p>Sch\u00fclerInnen der Tagesbetreuung k\u00f6nnen auch ein warmes <strong>Mittagessen<\/strong> (2g\u00e4ngiges Men\u00fc \u201eCook and chill\u201c von Gourmet mit Hauptgericht, Suppe oder Nachspeise) konsumieren.<\/p>\n<p>Die monatlichen Kosten f\u00fcr die Tagesbetreuung belaufen sich auf maximal 88 Euro (5 Tage). Im Bedarfsfall kann um Erm\u00e4\u00dfigung angesucht werden.<\/p>\n<p>&nbsp;<\/p>\n<p><strong>Voranmeldung:<\/strong> im Februar (bei der Aufnahme)<\/p>\n<p>Anmeldescheine werden im Juni (beim Elternabend der 1.Klassen und auch in der Tagesbetreuung) ausgegeben. Die Anmeldung gilt f\u00fcr ein Unterrichtsjahr.<\/p>\n<p>&nbsp;<\/p>\n<p>Mag. Elke Warmuth<\/p>\n<p>(Leiterin der Tagesbetreuung)<\/p>\n\n\t\t<div id='gallery-1' class='gallery galleryid-96 gallery-columns-7 gallery-size-thumbnail gallery1'><script type=\"text\/javascript\">\r\n\/\/ <![CDATA[\r\n\tjQuery(document).ready(function () {\r\n\t\tjQuery(\".gallery1 a\").attr(\"rel\",\"gallery1\");\t\r\n\t\tjQuery('a[rel=\"gallery1\"]').colorbox({maxWidth:\"95%\", maxHeight:\"95%\",title: function(){ return jQuery(this).children().attr(\"alt\"); }, });\r\n\t});\r\n\/\/ ]]>\r\n<\/script>\n<dl class=\"gallery-item\">\n<dt class=\"gallery-icon\">\r\n<a href=\"https:\/\/www.rg16.at\/wp-content\/uploads\/2015\/06\/tab8.jpg\" title=\"\" rel=\"gallery1\"><img src=\"https:\/\/www.rg16.at\/wp-content\/uploads\/2015\/06\/tab8-150x150.jpg\" width=\"150\" height=\"150\" alt=\"\" \/><\/a>\r\n<\/dt><\/dl><dl class=\"gallery-item\">\n<dt class=\"gallery-icon\">\r\n<a href=\"https:\/\/www.rg16.at\/wp-content\/uploads\/2015\/06\/tab5.jpg\" title=\"\" rel=\"gallery1\"><img src=\"https:\/\/www.rg16.at\/wp-content\/uploads\/2015\/06\/tab5-150x150.jpg\" width=\"150\" height=\"150\" alt=\"\" \/><\/a>\r\n<\/dt><\/dl><dl class=\"gallery-item\">\n<dt class=\"gallery-icon\">\r\n<a href=\"https:\/\/www.rg16.at\/wp-content\/uploads\/2015\/06\/tab4.jpg\" title=\"\" rel=\"gallery1\"><img src=\"https:\/\/www.rg16.at\/wp-content\/uploads\/2015\/06\/tab4-150x150.jpg\" width=\"150\" height=\"150\" alt=\"\" \/><\/a>\r\n<\/dt><\/dl><dl class=\"gallery-item\">\n<dt class=\"gallery-icon\">\r\n<a href=\"https:\/\/www.rg16.at\/wp-content\/uploads\/2015\/06\/tab2.jpg\" title=\"\" rel=\"gallery1\"><img src=\"https:\/\/www.rg16.at\/wp-content\/uploads\/2015\/06\/tab2-150x150.jpg\" width=\"150\" height=\"150\" alt=\"\" \/><\/a>\r\n<\/dt><\/dl><dl class=\"gallery-item\">\n<dt class=\"gallery-icon\">\r\n<a href=\"https:\/\/www.rg16.at\/wp-content\/uploads\/2016\/11\/234.jpg\" title=\"\" rel=\"gallery1\"><img src=\"https:\/\/www.rg16.at\/wp-content\/uploads\/2016\/11\/234-150x150.jpg\" width=\"150\" height=\"150\" alt=\"\" \/><\/a>\r\n<\/dt><\/dl><dl class=\"gallery-item\">\n<dt class=\"gallery-icon\">\r\n<a href=\"https:\/\/www.rg16.at\/wp-content\/uploads\/2015\/06\/tab6.jpg\" title=\"\" rel=\"gallery1\"><img src=\"https:\/\/www.rg16.at\/wp-content\/uploads\/2015\/06\/tab6-150x150.jpg\" width=\"150\" height=\"150\" alt=\"\" \/><\/a>\r\n<\/dt><\/dl><dl class=\"gallery-item\">\n<dt class=\"gallery-icon\">\r\n<a href=\"https:\/\/www.rg16.at\/wp-content\/uploads\/2015\/06\/tab3.jpg\" title=\"\" rel=\"gallery1\"><img src=\"https:\/\/www.rg16.at\/wp-content\/uploads\/2015\/06\/tab3-150x150.jpg\" width=\"150\" height=\"150\" alt=\"\" \/><\/a>\r\n<\/dt><\/dl><br style=\"clear: both\" \/>\r\n\t\t<\/div>\n\n","protected":false},"excerpt":{"rendered":"<p>Unsere Tagesbetreuung findet Montag bis Freitag von 12:05 bis 18:00 im gem\u00fctlich eingerichteten Aufenthaltsraum sowie in 5 zus\u00e4tzlichen Klassenzimmern statt. Dabei wechseln sich Freizeit, Lernzeit, Kreativ- und Sportstunden ab. W\u00e4hrend der Freizeit erholen sich unsere Sch\u00fclerInnen im Aufenthaltsraum, im Hof,<\/p>\n","protected":false},"author":16,"featured_media":0,"parent":13,"menu_order":0,"comment_status":"closed","ping_status":"closed","template":"","meta":[],"tags":[22,23,21],"_links":{"self":[{"href":"https:\/\/www.rg16.at\/index.php\/wp-json\/wp\/v2\/pages\/96"}],"collection":[{"href":"https:\/\/www.rg16.at\/index.php\/wp-json\/wp\/v2\/pages"}],"about":[{"href":"https:\/\/www.rg16.at\/index.php\/wp-json\/wp\/v2\/types\/page"}],"author":[{"embeddable":true,"href":"https:\/\/www.rg16.at\/index.php\/wp-json\/wp\/v2\/users\/16"}],"replies":[{"embeddable":true,"href":"https:\/\/www.rg16.at\/index.php\/wp-json\/wp\/v2\/comments?post=96"}],"version-history":[{"count":18,"href":"https:\/\/www.rg16.at\/index.php\/wp-json\/wp\/v2\/pages\/96\/revisions"}],"predecessor-version":[{"id":16537,"href":"https:\/\/www.rg16.at\/index.php\/wp-json\/wp\/v2\/pages\/96\/revisions\/16537"}],"up":[{"embeddable":true,"href":"https:\/\/www.rg16.at\/index.php\/wp-json\/wp\/v2\/pages\/13"}],"wp:attachment":[{"href":"https:\/\/www.rg16.at\/index.php\/wp-json\/wp\/v2\/media?parent=96"}],"wp:term":[{"taxonomy":"post_tag","embeddable":true,"href":"https:\/\/www.rg16.at\/index.php\/wp-json\/wp\/v2\/tags?post=96"}],"curies":[{"name":"wp","href":"https:\/\/api.w.org\/{rel}","templated":true}]}}