{"id":69,"date":"2015-06-10T12:07:37","date_gmt":"2015-06-10T10:07:37","guid":{"rendered":"http:\/\/brg16.casc.at\/?page_id=69"},"modified":"2026-02-18T14:20:10","modified_gmt":"2026-02-18T13:20:10","slug":"unterstufe","status":"publish","type":"page","link":"https:\/\/www.rg16.at\/index.php\/schulprofil\/unterstufe\/","title":{"rendered":"Unterstufe"},"content":{"rendered":"<h2>DIE UNTERSTUFE AM BRG 16 (RG und NRG)<\/h2>\n<p>Um Ihnen einen Einblick in den F\u00e4cherkanon und die Stundenanzahl der Unterstufe zu geben, finden Sie hier die Stundentafel der 1. und 2. Klassen, die f\u00fcr alle Schultypen gleich ist.<\/p>\n<table border=\"1\" width=\"560\" cellspacing=\"0\" cellpadding=\"4\">\n<tbody>\n<tr>\n<th class=\"paed\" align=\"left\" valign=\"top\" width=\"65%\">Pflichtgegenst\u00e4nde<\/th>\n<th class=\"paed\" valign=\"top\" width=\"17%\">\n<div align=\"center\">1. Kl.<\/div>\n<\/th>\n<th class=\"paed\" valign=\"top\" width=\"18%\">\n<div align=\"center\">2. Kl.<\/div>\n<\/th>\n<\/tr>\n<tr>\n<td valign=\"top\" width=\"65%\">Religion<\/td>\n<td valign=\"top\" width=\"17%\">\n<div align=\"center\">2<\/div>\n<\/td>\n<td valign=\"top\" width=\"18%\">\n<div align=\"center\">2<\/div>\n<\/td>\n<\/tr>\n<tr>\n<td valign=\"top\" width=\"65%\">Deutsch<\/td>\n<td valign=\"top\" width=\"17%\">\n<div align=\"center\">4+1*<\/div>\n<\/td>\n<td valign=\"top\" width=\"18%\">\n<div align=\"center\">4<\/div>\n<\/td>\n<\/tr>\n<tr>\n<td valign=\"top\" width=\"65%\">Englisch<\/td>\n<td valign=\"top\" width=\"17%\">\n<div align=\"center\">4+1*<\/div>\n<\/td>\n<td valign=\"top\" width=\"18%\">\n<div align=\"center\">3+1*<\/div>\n<\/td>\n<\/tr>\n<tr>\n<td valign=\"top\" width=\"65%\">Geschichte und Politische Bildung<\/td>\n<td valign=\"top\" width=\"17%\">\n<div align=\"center\">&#8211;<\/div>\n<\/td>\n<td valign=\"top\" width=\"18%\">\n<div align=\"center\">2<\/div>\n<\/td>\n<\/tr>\n<tr>\n<td valign=\"top\" width=\"65%\">Geographie und wirtschaftliche Bildung<\/td>\n<td valign=\"top\" width=\"17%\">\n<div align=\"center\">2<\/div>\n<\/td>\n<td valign=\"top\" width=\"18%\">\n<div align=\"center\">1<\/div>\n<\/td>\n<\/tr>\n<tr>\n<td valign=\"top\" width=\"65%\">Mathematik<\/td>\n<td valign=\"top\" width=\"17%\">\n<div align=\"center\">4<\/div>\n<\/td>\n<td valign=\"top\" width=\"18%\">\n<div align=\"center\">4<\/div>\n<\/td>\n<\/tr>\n<tr>\n<td valign=\"top\" width=\"65%\">Biologie und Umweltbildung<\/td>\n<td valign=\"top\" width=\"17%\">\n<div align=\"center\">2<\/div>\n<\/td>\n<td valign=\"top\" width=\"18%\">\n<div align=\"center\">2<\/div>\n<\/td>\n<\/tr>\n<tr>\n<td valign=\"top\" width=\"65%\">Physik<\/td>\n<td valign=\"top\" width=\"17%\">\n<div align=\"center\">&#8211;<\/div>\n<\/td>\n<td valign=\"top\" width=\"18%\">\n<div align=\"center\">1<\/div>\n<\/td>\n<\/tr>\n<tr>\n<td>Digitale Grundbildung<\/td>\n<td>\n<div align=\"center\">1<\/div>\n<\/td>\n<td>\n<div align=\"center\">1<\/div>\n<\/td>\n<\/tr>\n<tr>\n<td valign=\"top\" width=\"65%\">Musik<u><\/u><u><\/u><\/td>\n<td valign=\"top\" width=\"17%\">\n<div align=\"center\">2<\/div>\n<\/td>\n<td valign=\"top\" width=\"18%\">\n<div align=\"center\">2<\/div>\n<\/td>\n<\/tr>\n<tr>\n<td valign=\"top\" width=\"65%\">Kunst und Gestaltung<\/td>\n<td valign=\"top\" width=\"17%\">\n<div align=\"center\">2<\/div>\n<\/td>\n<td valign=\"top\" width=\"18%\">\n<div align=\"center\">2<\/div>\n<\/td>\n<\/tr>\n<tr>\n<td valign=\"top\" width=\"65%\">Technik und Design<\/td>\n<td valign=\"top\" width=\"17%\">\n<div align=\"center\">2<\/div>\n<\/td>\n<td valign=\"top\" width=\"18%\">\n<div align=\"center\">2<\/div>\n<\/td>\n<\/tr>\n<tr>\n<td valign=\"top\" width=\"65%\">Bewegung und Sport<\/td>\n<td valign=\"top\" width=\"17%\">\n<div align=\"center\">4<\/div>\n<\/td>\n<td valign=\"top\" width=\"18%\">\n<div align=\"center\">4<\/div>\n<\/td>\n<\/tr>\n<tr>\n<td valign=\"top\" width=\"65%\"><span class=\"fett\">Summe<\/span> der Pflichtgegenst\u00e4nde<\/td>\n<td valign=\"top\" width=\"17%\">\n<div align=\"center\"><span class=\"fett\">31<br \/>\n<\/span><\/div>\n<\/td>\n<td valign=\"top\" width=\"18%\">\n<div align=\"center\"><span class=\"fett\">31<\/span><\/div>\n<\/td>\n<\/tr>\n<\/tbody>\n<\/table>\n<p><span style=\"font-size: 0.8em;\">* Zus\u00e4tzliche Stunde zur Individualisierung und Differenzierung in Kleingruppen.<br \/>\n<\/span><\/p>\n<p><strong><u>Schwerpunktklassen<\/u>:\u00a0<\/strong> Informationen <a href=\"https:\/\/www.rg16.at\/index.php\/neue-untersstufe-ab-2022-23\/\">hier<\/a> .<\/p>\n<p>Ab der 3. Klasse f\u00fchren wir an unserer Schule zwei Schultypen: Realgymnasium (RG) und neusprachliches Realgymnasium (NRG). Ab dem Schuljahr 2023\/24 wird diese Stundentafel aufsteigend durch die Stundentafel der neuen Unterstufe ersetzt. Informationen <a href=\"https:\/\/www.rg16.at\/index.php\/neue-untersstufe-ab-2022-23\/\">hier<\/a> . Unterschiedliche Stundentafeln und Anforderungen sind f\u00fcr die 3. und 4. Klassen in den farbig unterlegten typenbildenden F\u00e4chern gegeben.<\/p>\n<table border=\"1\" width=\"560\" cellspacing=\"0\" cellpadding=\"4\">\n<tbody>\n<tr>\n<th class=\"paed\" style=\"width: 222.2px;\" align=\"left\" valign=\"top\">Pflichtgegenst\u00e4nde<\/th>\n<th class=\"paed\" style=\"width: 151.867px;\" colspan=\"2\" valign=\"top\">\n<div align=\"center\"><span class=\"fett\">RG<\/span><\/div>\n<\/th>\n<th class=\"paed\" style=\"width: 153.933px;\" colspan=\"2\" valign=\"top\">\n<div align=\"center\"><a href=\"https:\/\/www.rg16.at\/index.php\/schulprofil\/nrg\/\"><span class=\"fett\">NRG<\/span><\/a><\/div>\n<\/th>\n<\/tr>\n<tr>\n<td style=\"width: 222.2px;\" valign=\"top\"><\/td>\n<td style=\"width: 70.9333px;\" valign=\"top\">\n<div align=\"center\"><span class=\"fett\">3.Kl.<\/span><\/div>\n<\/td>\n<td style=\"width: 70.9333px;\" valign=\"top\">\n<div align=\"center\"><span class=\"fett\">4.Kl.<\/span><\/div>\n<\/td>\n<td style=\"width: 73px;\" valign=\"top\">\n<div align=\"center\"><span class=\"fett\">3.Kl.<\/span><\/div>\n<\/td>\n<td style=\"width: 70.9333px;\" valign=\"top\">\n<div align=\"center\"><span class=\"fett\">4.Kl.<\/span><\/div>\n<\/td>\n<\/tr>\n<tr>\n<td style=\"width: 222.2px;\" valign=\"top\">Religion<\/td>\n<td style=\"width: 70.9333px;\" valign=\"top\">\n<div align=\"center\">2<\/div>\n<\/td>\n<td style=\"width: 70.9333px;\" valign=\"top\">\n<div align=\"center\">2<\/div>\n<\/td>\n<td style=\"width: 73px;\" valign=\"top\">\n<div align=\"center\">2<\/div>\n<\/td>\n<td style=\"width: 70.9333px;\" valign=\"top\">\n<div align=\"center\">2<\/div>\n<\/td>\n<\/tr>\n<tr>\n<td style=\"width: 222.2px;\" valign=\"top\">Deutsch<\/td>\n<td style=\"width: 70.9333px;\" valign=\"top\">\n<div align=\"center\">4<\/div>\n<\/td>\n<td style=\"width: 70.9333px;\" valign=\"top\">\n<div align=\"center\">4<\/div>\n<\/td>\n<td style=\"width: 73px;\" valign=\"top\">\n<div align=\"center\">4<\/div>\n<\/td>\n<td style=\"width: 70.9333px;\" valign=\"top\">\n<div align=\"center\">4<\/div>\n<\/td>\n<\/tr>\n<tr>\n<td style=\"width: 222.2px;\" valign=\"top\">Englisch<\/td>\n<td style=\"width: 70.9333px;\" valign=\"top\">\n<div align=\"center\">3+1*<\/div>\n<\/td>\n<td style=\"width: 70.9333px;\" valign=\"top\">\n<div align=\"center\">3+1*<\/div>\n<\/td>\n<td style=\"width: 73px;\" valign=\"top\">\n<div align=\"center\">3+1*<\/div>\n<\/td>\n<td style=\"width: 70.9333px;\" valign=\"top\">\n<div align=\"center\">3+1*<\/div>\n<\/td>\n<\/tr>\n<tr>\n<td style=\"width: 222.2px;\" valign=\"top\">Spanisch<\/td>\n<td class=\"paed\" style=\"width: 70.9333px;\" valign=\"top\">\n<div align=\"center\">&#8212;<\/div>\n<\/td>\n<td class=\"paed\" style=\"width: 70.9333px;\" valign=\"top\">\n<div align=\"center\">&#8212;<\/div>\n<\/td>\n<td class=\"paed\" style=\"width: 73px;\" valign=\"top\">\n<div align=\"center\">3<\/div>\n<\/td>\n<td class=\"paed\" style=\"width: 70.9333px;\" valign=\"top\">\n<div align=\"center\">3<\/div>\n<\/td>\n<\/tr>\n<tr>\n<td style=\"width: 222.2px;\" valign=\"top\">Geschichte und Politische Bildung<\/td>\n<td style=\"width: 70.9333px;\" valign=\"top\">\n<div align=\"center\">2<\/div>\n<\/td>\n<td class=\"paed\" style=\"width: 70.9333px;\" valign=\"top\">\n<div align=\"center\">2<\/div>\n<\/td>\n<td style=\"width: 73px;\" valign=\"top\">\n<div align=\"center\">2<\/div>\n<\/td>\n<td class=\"paed\" style=\"width: 70.9333px;\" valign=\"top\">\n<div align=\"center\">1<\/div>\n<\/td>\n<\/tr>\n<tr>\n<td style=\"width: 222.2px;\" valign=\"top\">Geographie und wirtschaftliche Bildung<\/td>\n<td style=\"width: 70.9333px;\" valign=\"top\">\n<div align=\"center\">2<\/div>\n<\/td>\n<td style=\"width: 70.9333px;\" valign=\"top\">\n<div align=\"center\">2<\/div>\n<\/td>\n<td style=\"width: 73px;\" valign=\"top\">\n<div align=\"center\">2<\/div>\n<\/td>\n<td style=\"width: 70.9333px;\" valign=\"top\">\n<div align=\"center\">2<\/div>\n<\/td>\n<\/tr>\n<tr>\n<td style=\"width: 222.2px;\" valign=\"top\">Mathematik<\/td>\n<td class=\"paed\" style=\"width: 70.9333px;\" valign=\"top\">\n<div align=\"center\">4<\/div>\n<\/td>\n<td style=\"width: 70.9333px;\" valign=\"top\">\n<div align=\"center\">3<\/div>\n<\/td>\n<td class=\"paed\" style=\"width: 73px;\" valign=\"top\">\n<div align=\"center\">3<\/div>\n<\/td>\n<td style=\"width: 70.9333px;\" valign=\"top\">\n<div align=\"center\">3<\/div>\n<\/td>\n<\/tr>\n<tr>\n<td style=\"width: 222.2px;\" valign=\"top\">Geometrisches Zeichnen<\/td>\n<td style=\"width: 70.9333px;\" valign=\"top\">\n<div align=\"center\">&#8212;<\/div>\n<\/td>\n<td style=\"width: 70.9333px;\" valign=\"top\">\n<div align=\"center\">2<\/div>\n<\/td>\n<td style=\"width: 73px;\" valign=\"top\">\n<div align=\"center\">&#8212;<\/div>\n<\/td>\n<td style=\"width: 70.9333px;\" valign=\"top\">\n<div align=\"center\">2<\/div>\n<\/td>\n<\/tr>\n<tr>\n<td style=\"width: 222.2px;\" valign=\"top\">Biologie und Umweltbildung<\/td>\n<td class=\"paed\" style=\"width: 70.9333px;\" valign=\"top\">\n<div align=\"center\">2<\/div>\n<\/td>\n<td style=\"width: 70.9333px;\" valign=\"top\">\n<div align=\"center\">2<\/div>\n<\/td>\n<td class=\"paed\" style=\"width: 73px;\" valign=\"top\">\n<div align=\"center\">1<\/div>\n<\/td>\n<td style=\"width: 70.9333px;\" valign=\"top\">\n<div align=\"center\">2<\/div>\n<\/td>\n<\/tr>\n<tr>\n<td style=\"width: 222.2px;\" valign=\"top\">Chemie<\/td>\n<td style=\"width: 70.9333px;\" valign=\"top\">\n<div align=\"center\">&#8212;<\/div>\n<\/td>\n<td style=\"width: 70.9333px;\" valign=\"top\">\n<div align=\"center\">2<\/div>\n<\/td>\n<td style=\"width: 73px;\" valign=\"top\">\n<div align=\"center\">&#8212;<\/div>\n<\/td>\n<td style=\"width: 70.9333px;\" valign=\"top\">\n<div align=\"center\">2<\/div>\n<\/td>\n<\/tr>\n<tr>\n<td style=\"width: 222.2px;\" valign=\"top\">Physik<\/td>\n<td style=\"width: 70.9333px;\" valign=\"top\">\n<div align=\"center\">2<\/div>\n<\/td>\n<td style=\"width: 70.9333px;\" valign=\"top\">\n<div align=\"center\">2<\/div>\n<\/td>\n<td style=\"width: 73px;\" valign=\"top\">\n<div align=\"center\">2<\/div>\n<\/td>\n<td style=\"width: 70.9333px;\" valign=\"top\">\n<div align=\"center\">2<\/div>\n<\/td>\n<\/tr>\n<tr>\n<td style=\"width: 222.2px;\">Digitale Grundbildung<\/td>\n<td style=\"width: 70.9333px;\">\n<div align=\"center\">1<\/div>\n<\/td>\n<td style=\"width: 70.9333px;\">\n<div align=\"center\">1<\/div>\n<\/td>\n<td style=\"width: 73px;\">\n<div align=\"center\">1<\/div>\n<\/td>\n<td style=\"width: 70.9333px;\">\n<div align=\"center\">1<\/div>\n<\/td>\n<\/tr>\n<tr>\n<td style=\"width: 222.2px;\" valign=\"top\">Musik<u><\/u><u><\/u><\/td>\n<td class=\"paed\" style=\"width: 70.9333px;\" valign=\"top\">\n<div align=\"center\">2<\/div>\n<\/td>\n<td style=\"width: 70.9333px;\" valign=\"top\">\n<div align=\"center\">1<\/div>\n<\/td>\n<td class=\"paed\" style=\"width: 73px;\" valign=\"top\">\n<div align=\"center\">2\/1***<\/div>\n<\/td>\n<td style=\"width: 70.9333px;\" valign=\"top\">\n<div align=\"center\">1<\/div>\n<\/td>\n<\/tr>\n<tr>\n<td style=\"width: 222.2px;\" valign=\"top\">Kunst und Gestaltung<\/td>\n<td class=\"paed\" style=\"width: 70.9333px;\" valign=\"top\">\n<div align=\"center\">2<\/div>\n<\/td>\n<td style=\"width: 70.9333px;\" valign=\"top\">\n<div align=\"center\">2<\/div>\n<\/td>\n<td class=\"paed\" style=\"width: 73px;\" valign=\"top\">\n<div align=\"center\">1\/2**<\/div>\n<\/td>\n<td style=\"width: 70.9333px;\" valign=\"top\">\n<div align=\"center\">2<\/div>\n<\/td>\n<\/tr>\n<tr>\n<td style=\"width: 222.2px;\" valign=\"top\">Technik und Design<\/td>\n<td style=\"width: 70.9333px;\" valign=\"top\">\n<div align=\"center\">2<\/div>\n<\/td>\n<td class=\"paed\" style=\"width: 70.9333px;\" valign=\"top\">\n<div align=\"center\">2<\/div>\n<\/td>\n<td style=\"width: 73px;\" valign=\"top\">\n<div align=\"center\">2<\/div>\n<\/td>\n<td class=\"paed\" style=\"width: 70.9333px;\" valign=\"top\">\n<div align=\"center\">&#8212;<\/div>\n<\/td>\n<\/tr>\n<tr>\n<td style=\"width: 222.2px;\" valign=\"top\">Bewegung und Sport<\/td>\n<td style=\"width: 70.9333px;\" valign=\"top\">\n<div align=\"center\">3<\/div>\n<\/td>\n<td style=\"width: 70.9333px;\" valign=\"top\">\n<div align=\"center\">3<\/div>\n<\/td>\n<td style=\"width: 73px;\" valign=\"top\">\n<div align=\"center\">3<\/div>\n<\/td>\n<td style=\"width: 70.9333px;\" valign=\"top\">\n<div align=\"center\">3<\/div>\n<\/td>\n<\/tr>\n<tr>\n<td style=\"width: 222.2px;\" valign=\"top\"><span class=\"fett\">Summe<\/span> der Pflichtgegenst\u00e4nde<\/td>\n<td style=\"width: 70.9333px;\" valign=\"top\">\n<div align=\"center\"><span class=\"fett\">32<\/span><\/div>\n<\/td>\n<td style=\"width: 70.9333px;\" valign=\"top\">\n<div align=\"center\"><span class=\"fett\">34<\/span><\/div>\n<\/td>\n<td style=\"width: 73px;\" valign=\"top\">\n<div align=\"center\"><span class=\"fett\">32<\/span><\/div>\n<\/td>\n<td style=\"width: 70.9333px;\" valign=\"top\">\n<div align=\"center\"><span class=\"fett\">34<\/span><\/div>\n<\/td>\n<\/tr>\n<\/tbody>\n<\/table>\n<p><span style=\"font-size: 0.8em;\">* Englisch-Plus (zus\u00e4tzliche verpflichtende Englischstunde zur Individualisierung und Differenzierung in der Kleingruppe)<br \/>\n** in ungeraden Jahren (z.B. 15\/16) 2 Stunden, in geraden Jahren (z.B. 14\/15) 1 Stunde<\/span><br \/>\n<span style=\"font-size: 0.8em;\"> *** in ungeraden Jahren (z.B. 15\/16) 1 Stunde, in geraden Jahren (z.B. 14\/15) 2 Stunden<\/span><\/p>\n","protected":false},"excerpt":{"rendered":"<p>DIE UNTERSTUFE AM BRG 16 (RG und NRG) Um Ihnen einen Einblick in den F\u00e4cherkanon und die Stundenanzahl der Unterstufe zu geben, finden Sie hier die Stundentafel der 1. und 2. Klassen, die f\u00fcr alle Schultypen gleich ist. Pflichtgegenst\u00e4nde 1.<\/p>\n","protected":false},"author":71,"featured_media":0,"parent":13,"menu_order":0,"comment_status":"closed","ping_status":"closed","template":"","meta":[],"tags":[13,12,15,14],"_links":{"self":[{"href":"https:\/\/www.rg16.at\/index.php\/wp-json\/wp\/v2\/pages\/69"}],"collection":[{"href":"https:\/\/www.rg16.at\/index.php\/wp-json\/wp\/v2\/pages"}],"about":[{"href":"https:\/\/www.rg16.at\/index.php\/wp-json\/wp\/v2\/types\/page"}],"author":[{"embeddable":true,"href":"https:\/\/www.rg16.at\/index.php\/wp-json\/wp\/v2\/users\/71"}],"replies":[{"embeddable":true,"href":"https:\/\/www.rg16.at\/index.php\/wp-json\/wp\/v2\/comments?post=69"}],"version-history":[{"count":20,"href":"https:\/\/www.rg16.at\/index.php\/wp-json\/wp\/v2\/pages\/69\/revisions"}],"predecessor-version":[{"id":16522,"href":"https:\/\/www.rg16.at\/index.php\/wp-json\/wp\/v2\/pages\/69\/revisions\/16522"}],"up":[{"embeddable":true,"href":"https:\/\/www.rg16.at\/index.php\/wp-json\/wp\/v2\/pages\/13"}],"wp:attachment":[{"href":"https:\/\/www.rg16.at\/index.php\/wp-json\/wp\/v2\/media?parent=69"}],"wp:term":[{"taxonomy":"post_tag","embeddable":true,"href":"https:\/\/www.rg16.at\/index.php\/wp-json\/wp\/v2\/tags?post=69"}],"curies":[{"name":"wp","href":"https:\/\/api.w.org\/{rel}","templated":true}]}}