{"id":165,"date":"2015-06-10T12:34:37","date_gmt":"2015-06-10T10:34:37","guid":{"rendered":"http:\/\/brg16.casc.at\/?page_id=165"},"modified":"2025-10-12T22:12:30","modified_gmt":"2025-10-12T20:12:30","slug":"anmeldung-1-klasse","status":"publish","type":"page","link":"https:\/\/www.rg16.at\/index.php\/service\/anmeldung-1-klasse\/","title":{"rendered":"Anmeldung 1. Klasse"},"content":{"rendered":"<h1>INFORMATIONEN zur AUFNAHME f\u00fcr die 1. Klassen im Schuljahr 2026\/2027<\/h1>\n<ul>\n<li>bis 7. J\u00e4nner 2026: Verteilung der Erhebungsbl\u00e4tter und Informationsschreiben an den Volksschulen<\/li>\n<li><strong>Terminvergabe<\/strong> f\u00fcr das Aufnahmegespr\u00e4ch online unter <a href=\"https:\/\/aufnahme.rg16.at\/\" target=\"_blank\" rel=\"noopener\">https:\/\/aufnahme.rg16.at\/<\/a> (Das Onlineportal ist von 22.12.25 bis 14.01.26 23:59 f\u00fcr Sie ge\u00f6ffnet)<\/li>\n<li>16. bis 20. Februar 2025: <strong>Aufnahmewoche mit Beratungsgespr\u00e4ch<\/strong>\n<ul>\n<li>F\u00fcr alle Sch\u00fclerinnen und Sch\u00fcler mit <strong>AHS-Reife<\/strong> (= <strong>keine Note 3<\/strong> in Deutsch und Mathematik in der Schulnachricht)<\/li>\n<li>Eltern kommen <strong>mit der Sch\u00fclerin \/ dem Sch\u00fcler<\/strong><\/li>\n<li>Montag bis Freitag jeweils 8 bis 12 Uhr<\/li>\n<li>zus\u00e4tzlich Dienstag und Donnerstag auch 14 bis 17 Uhr<\/li>\n<li><strong>Bringen Sie bitte mit:<\/strong>\n<ul>\n<li>Erhebungsblatt<\/li>\n<li>Kopie und Original der Schulnachricht<\/li>\n<li>Kuvert (mit eigener Adresse beschriftet) + Briefmarke<\/li>\n<\/ul>\n<\/li>\n<\/ul>\n<\/li>\n<li>20. M\u00e4rz 2026: <strong>Vorl\u00e4ufige Schulplatzzuweisung<\/strong> oder Abweisung mit Hinweis auf freie Pl\u00e4tze an anderen Schulen (2. Anmeldewoche 13. bis 17. April)<\/li>\n<li>30. Juni und 01. Juli 2026: <strong>Allf\u00e4llige Aufnahmepr\u00fcfungen<\/strong><\/li>\n<li>Aufnahmekriterien:\n<ul>\n<li>Noten in der Schulnachricht<\/li>\n<li>Schuln\u00e4he<\/li>\n<li>Geschwisterkinder an der Schule<\/li>\n<\/ul>\n<\/li>\n<\/ul>\n<p>&nbsp;<\/p>\n<p>&nbsp;<\/p>\n","protected":false},"excerpt":{"rendered":"<p>INFORMATIONEN zur AUFNAHME f\u00fcr die 1. Klassen im Schuljahr 2026\/2027 bis 7. J\u00e4nner 2026: Verteilung der Erhebungsbl\u00e4tter und Informationsschreiben an den Volksschulen Terminvergabe f\u00fcr das Aufnahmegespr\u00e4ch online unter https:\/\/aufnahme.rg16.at\/ (Das Onlineportal ist von 22.12.25 bis 14.01.26 23:59 f\u00fcr Sie ge\u00f6ffnet)<\/p>\n","protected":false},"author":71,"featured_media":0,"parent":65,"menu_order":0,"comment_status":"closed","ping_status":"closed","template":"","meta":[],"tags":[229,227,228],"_links":{"self":[{"href":"https:\/\/www.rg16.at\/index.php\/wp-json\/wp\/v2\/pages\/165"}],"collection":[{"href":"https:\/\/www.rg16.at\/index.php\/wp-json\/wp\/v2\/pages"}],"about":[{"href":"https:\/\/www.rg16.at\/index.php\/wp-json\/wp\/v2\/types\/page"}],"author":[{"embeddable":true,"href":"https:\/\/www.rg16.at\/index.php\/wp-json\/wp\/v2\/users\/71"}],"replies":[{"embeddable":true,"href":"https:\/\/www.rg16.at\/index.php\/wp-json\/wp\/v2\/comments?post=165"}],"version-history":[{"count":35,"href":"https:\/\/www.rg16.at\/index.php\/wp-json\/wp\/v2\/pages\/165\/revisions"}],"predecessor-version":[{"id":14898,"href":"https:\/\/www.rg16.at\/index.php\/wp-json\/wp\/v2\/pages\/165\/revisions\/14898"}],"up":[{"embeddable":true,"href":"https:\/\/www.rg16.at\/index.php\/wp-json\/wp\/v2\/pages\/65"}],"wp:attachment":[{"href":"https:\/\/www.rg16.at\/index.php\/wp-json\/wp\/v2\/media?parent=165"}],"wp:term":[{"taxonomy":"post_tag","embeddable":true,"href":"https:\/\/www.rg16.at\/index.php\/wp-json\/wp\/v2\/tags?post=165"}],"curies":[{"name":"wp","href":"https:\/\/api.w.org\/{rel}","templated":true}]}}