{"id":157,"date":"2015-06-10T12:32:26","date_gmt":"2015-06-10T10:32:26","guid":{"rendered":"http:\/\/brg16.casc.at\/?page_id=157"},"modified":"2025-09-25T10:15:34","modified_gmt":"2025-09-25T08:15:34","slug":"bibliothek","status":"publish","type":"page","link":"https:\/\/www.rg16.at\/index.php\/schulpartner\/bibliothek\/","title":{"rendered":"Schulbibliothek"},"content":{"rendered":"<p style=\"text-align: left\">Die Bibliothek ist ein Ort, an dem man nicht nur B\u00fccher entlehnen, sondern auch in Ruhe lesen, arbeiten und an Computern recherchieren kann. F\u00fcr den Unterricht gibt es die M\u00f6glichkeit, auf einer gro\u00dfen Leinwand Filme zu zeigen. F\u00fcr die Entlehnung gilt: Bis zu drei B\u00fccher k\u00f6nnen gratis drei Wochen lang ausgeborgt werden. Nach R\u00fccksprache mit dem Bibliotheksteam kann die Entlehnfrist auch kostenfrei verl\u00e4ngert werden. Im Falle einer versp\u00e4teten R\u00fcckgabe eines ausgeliehenen Buches werden keine Mahngeb\u00fchren eingehoben. W\u00e4hrend des Aufenthaltes in der Bibliothek muss auf Essen, Trinken, L\u00e4rmen und auf den Gebrauch des Smartphones verzichtet werden.<\/p>\n<p>Thriller, Fantasy, Abenteuer, moderne Jugendb\u00fccher, Witziges, Informatives, fremdsprachige Literatur (Schwerpunkt Englisch), Sachb\u00fccher zu vielen Fachgebieten und f\u00fcr alle Altersstufen, Lern- und Maturahilfen &#8211; f\u00fcr jede\/n findet sich garantiert etwas!<\/p>\n<p>Komm in die Bibliothek und n\u00fctze sie! Wir freuen uns auf dich und beraten dich gerne!<\/p>\n<p style=\"text-align: left\"><strong>\u00d6ffnungszeiten im Schuljahr 2025\/2026:<\/strong><\/p>\n<p style=\"text-align: left\"><strong>Montag: 6. und 7. Stunde (13:00 &#8211; 14:40)<\/strong><\/p>\n<p style=\"text-align: left\"><strong>Dienstag: 6. und 7. Stunde (13:00 &#8211; 14:40)<\/strong><\/p>\n<p style=\"text-align: left\"><strong>Mittwoch: 6. &#8211; 8. Stunde (13:00 &#8211; 15:30)<\/strong><\/p>\n<p style=\"text-align: left\"><strong>Donnerstag: 5. und 6. Stunde (12:05 &#8211; 13:50)<\/strong><\/p>\n<p style=\"text-align: left\"><strong>Freitag: 6. und 7. Stunde (13:00 &#8211; 14:40)<\/strong><\/p>\n<p style=\"text-align: center\"><a href=\"https:\/\/www.rg16.at\/wp-content\/uploads\/2024\/11\/DSC_0197-1.jpg\"><img decoding=\"async\" loading=\"lazy\" class=\"alignnone size-medium wp-image-15860\" src=\"https:\/\/www.rg16.at\/wp-content\/uploads\/2024\/11\/DSC_0197-1-300x199.jpg\" alt=\"\" width=\"300\" height=\"199\" srcset=\"https:\/\/www.rg16.at\/wp-content\/uploads\/2024\/11\/DSC_0197-1-300x199.jpg 300w, https:\/\/www.rg16.at\/wp-content\/uploads\/2024\/11\/DSC_0197-1-768x509.jpg 768w, https:\/\/www.rg16.at\/wp-content\/uploads\/2024\/11\/DSC_0197-1.jpg 1024w\" sizes=\"(max-width: 300px) 100vw, 300px\" \/><\/a><\/p>\n<p style=\"text-align: center\">D A S\u00a0\u00a0 B I B L I O T H E K S T E A M:<\/p>\n<p style=\"text-align: center\">Mag. Gerhard Schober, Mag<sup>a<\/sup>. Gabriele Heidegger, Mag<sup>a<\/sup>. Nilufar Hedjazi<\/p>\n<p>&nbsp;<\/p>\n\n\t\t<div id='gallery-1' class='gallery galleryid-157 gallery-columns-4 gallery-size-thumbnail gallery1'><script type=\"text\/javascript\">\r\n\/\/ <![CDATA[\r\n\tjQuery(document).ready(function () {\r\n\t\tjQuery(\".gallery1 a\").attr(\"rel\",\"gallery1\");\t\r\n\t\tjQuery('a[rel=\"gallery1\"]').colorbox({maxWidth:\"95%\", maxHeight:\"95%\",title: function(){ return jQuery(this).children().attr(\"alt\"); }, });\r\n\t});\r\n\/\/ ]]>\r\n<\/script>\n<dl class=\"gallery-item\">\n<dt class=\"gallery-icon\">\r\n<a href=\"https:\/\/www.rg16.at\/wp-content\/uploads\/2023\/10\/DSC_0323.jpg\" title=\"Ein Blick in die Bibliothek\" rel=\"gallery1\"><img src=\"https:\/\/www.rg16.at\/wp-content\/uploads\/2023\/10\/DSC_0323-150x150.jpg\" width=\"150\" height=\"150\" alt=\"Ein Blick in die Bibliothek\" \/><\/a>\r\n<\/dt><dd class=\"gallery-caption\" id=\"caption14883\"><span class=\"imagecaption\">Ein Blick in die Bibliothek<\/span><br \/>\n<\/dd><\/dl><dl class=\"gallery-item\">\n<dt class=\"gallery-icon\">\r\n<a href=\"https:\/\/www.rg16.at\/wp-content\/uploads\/2023\/10\/DSC_0332.jpg\" title=\"Die gem\u00fctliche Leseecke\" rel=\"gallery1\"><img src=\"https:\/\/www.rg16.at\/wp-content\/uploads\/2023\/10\/DSC_0332-150x150.jpg\" width=\"150\" height=\"150\" alt=\"Die gem\u00fctliche Leseecke\" \/><\/a>\r\n<\/dt><dd class=\"gallery-caption\" id=\"caption14884\"><span class=\"imagecaption\">Die gem\u00fctliche Leseecke<\/span><br \/>\n<\/dd><\/dl><dl class=\"gallery-item\">\n<dt class=\"gallery-icon\">\r\n<a href=\"https:\/\/www.rg16.at\/wp-content\/uploads\/2023\/10\/DSC_0320.jpg\" title=\"\" rel=\"gallery1\"><img src=\"https:\/\/www.rg16.at\/wp-content\/uploads\/2023\/10\/DSC_0320-150x150.jpg\" width=\"150\" height=\"150\" alt=\"\" \/><\/a>\r\n<\/dt><\/dl><dl class=\"gallery-item\">\n<dt class=\"gallery-icon\">\r\n<a href=\"https:\/\/www.rg16.at\/wp-content\/uploads\/2023\/10\/DSC_0326.jpg\" title=\"Arbeiten am Computer\" rel=\"gallery1\"><img src=\"https:\/\/www.rg16.at\/wp-content\/uploads\/2023\/10\/DSC_0326-150x150.jpg\" width=\"150\" height=\"150\" alt=\"Arbeiten am Computer\" \/><\/a>\r\n<\/dt><dd class=\"gallery-caption\" id=\"caption14886\"><span class=\"imagecaption\">Arbeiten am Computer<\/span><br \/>\n<\/dd><\/dl><br style=\"clear: both\" \/>\r\n\t\t<\/div>\n\n","protected":false},"excerpt":{"rendered":"<p>Die Bibliothek ist ein Ort, an dem man nicht nur B\u00fccher entlehnen, sondern auch in Ruhe lesen, arbeiten und an Computern recherchieren kann. F\u00fcr den Unterricht gibt es die M\u00f6glichkeit, auf einer gro\u00dfen Leinwand Filme zu zeigen. F\u00fcr die Entlehnung<\/p>\n","protected":false},"author":49,"featured_media":0,"parent":63,"menu_order":0,"comment_status":"closed","ping_status":"closed","template":"","meta":[],"tags":[216],"_links":{"self":[{"href":"https:\/\/www.rg16.at\/index.php\/wp-json\/wp\/v2\/pages\/157"}],"collection":[{"href":"https:\/\/www.rg16.at\/index.php\/wp-json\/wp\/v2\/pages"}],"about":[{"href":"https:\/\/www.rg16.at\/index.php\/wp-json\/wp\/v2\/types\/page"}],"author":[{"embeddable":true,"href":"https:\/\/www.rg16.at\/index.php\/wp-json\/wp\/v2\/users\/49"}],"replies":[{"embeddable":true,"href":"https:\/\/www.rg16.at\/index.php\/wp-json\/wp\/v2\/comments?post=157"}],"version-history":[{"count":37,"href":"https:\/\/www.rg16.at\/index.php\/wp-json\/wp\/v2\/pages\/157\/revisions"}],"predecessor-version":[{"id":16323,"href":"https:\/\/www.rg16.at\/index.php\/wp-json\/wp\/v2\/pages\/157\/revisions\/16323"}],"up":[{"embeddable":true,"href":"https:\/\/www.rg16.at\/index.php\/wp-json\/wp\/v2\/pages\/63"}],"wp:attachment":[{"href":"https:\/\/www.rg16.at\/index.php\/wp-json\/wp\/v2\/media?parent=157"}],"wp:term":[{"taxonomy":"post_tag","embeddable":true,"href":"https:\/\/www.rg16.at\/index.php\/wp-json\/wp\/v2\/tags?post=157"}],"curies":[{"name":"wp","href":"https:\/\/api.w.org\/{rel}","templated":true}]}}