{"id":155,"date":"2015-06-10T12:32:11","date_gmt":"2015-06-10T10:32:11","guid":{"rendered":"http:\/\/brg16.casc.at\/?page_id=155"},"modified":"2019-02-15T21:19:52","modified_gmt":"2019-02-15T20:19:52","slug":"okt-absolventinnenverein","status":"publish","type":"page","link":"https:\/\/www.rg16.at\/index.php\/schulpartner\/okt-absolventinnenverein\/","title":{"rendered":"OKT-AbsolventInnenverein"},"content":{"rendered":"<p>Der \u201eOttakringer Kollegentag\u201c (OKT) ist der Verein ehemaliger Sch\u00fclerinnen und Sch\u00fcler des BRG 16 Schuhmeierplatz.<\/p>\n<p>Wir haben 3 Hauptziele:<\/p>\n<p>1. Wir unterst\u00fctzen die aktuellen Sch\u00fclerinnen und Sch\u00fcler durch <strong>Sponsoring<\/strong> von Unterrichtsmitteln, Sportger\u00e4ten und Musikinstrumenten, z.B.<\/p>\n<ul>\n<li>Computer und Software<\/li>\n<li>E-Piano, Keyboards<\/li>\n<li>3D-Drucker<\/li>\n<li>Physik-Versuchsk\u00e4sten<\/li>\n<li>Sitzm\u00f6bel f\u00fcr den Musiksaal, die Freiluftklasse und den Pausenraum<\/li>\n<\/ul>\n<p><img decoding=\"async\" loading=\"lazy\" class=\"alignnone size-full wp-image-9309\" src=\"https:\/\/www.rg16.at\/wp-content\/uploads\/2019\/02\/DSC_4764.jpg\" alt=\"\" width=\"245\" height=\"163\" \/> <img decoding=\"async\" loading=\"lazy\" class=\"alignnone size-full wp-image-9311\" src=\"https:\/\/www.rg16.at\/wp-content\/uploads\/2019\/02\/DSC_6337.jpg\" alt=\"\" width=\"247\" height=\"164\" \/> <img decoding=\"async\" loading=\"lazy\" class=\"alignnone size-full wp-image-9310\" src=\"https:\/\/www.rg16.at\/wp-content\/uploads\/2019\/02\/DSC_5094.jpg\" alt=\"\" width=\"246\" height=\"163\" \/><\/p>\n<p>2. Wir f\u00f6rdern den Kontakt zwischen allen Absolventinnen und Absolventen. Dazu organisieren wir jedes Jahr zwei Veranstaltungen, zu denen alle Absolventinnen und Absolventen sowie alle aktiven und ehemaligen Professorinnen und Professoren eingeladen werden:<\/p>\n<ul>\n<li>Das <strong>OKT-Sommerfest<\/strong> in der Schule im Mai und<\/li>\n<li>das <strong>OKT-Kollegentreffen<\/strong> im November.<\/li>\n<\/ul>\n<p><img decoding=\"async\" loading=\"lazy\" class=\"alignnone size-full wp-image-9313\" src=\"https:\/\/www.rg16.at\/wp-content\/uploads\/2019\/02\/DSC_6459.jpg\" alt=\"\" width=\"245\" height=\"163\" \/> <img decoding=\"async\" loading=\"lazy\" class=\"alignnone size-full wp-image-9312\" src=\"https:\/\/www.rg16.at\/wp-content\/uploads\/2019\/02\/DSC_6435.jpg\" alt=\"\" width=\"246\" height=\"163\" \/> <img decoding=\"async\" loading=\"lazy\" class=\"alignnone size-full wp-image-9314\" src=\"https:\/\/www.rg16.at\/wp-content\/uploads\/2019\/02\/DSC_6634.jpg\" alt=\"\" width=\"245\" height=\"163\" \/><\/p>\n<p>3. Wir verwalten die <strong>Kontaktdaten<\/strong> der Absolventinnen und Absolventen in der <strong>OKT-Datenbank<\/strong>, damit diese einander auch nach vielen Jahren wieder finden k\u00f6nnen.<\/p>\n<p>Alle weiteren Infos und Kontaktm\u00f6glichkeiten findest Du auf unserer Website: <a href=\"http:\/\/www.okt-16.at\">www.okt-16.at<\/a><\/p>\n","protected":false},"excerpt":{"rendered":"<p>Der \u201eOttakringer Kollegentag\u201c (OKT) ist der Verein ehemaliger Sch\u00fclerinnen und Sch\u00fcler des BRG 16 Schuhmeierplatz. Wir haben 3 Hauptziele: 1. Wir unterst\u00fctzen die aktuellen Sch\u00fclerinnen und Sch\u00fcler durch Sponsoring von Unterrichtsmitteln, Sportger\u00e4ten und Musikinstrumenten, z.B. Computer und Software E-Piano, Keyboards<\/p>\n","protected":false},"author":71,"featured_media":0,"parent":63,"menu_order":0,"comment_status":"closed","ping_status":"closed","template":"","meta":[],"tags":[214,213,215],"_links":{"self":[{"href":"https:\/\/www.rg16.at\/index.php\/wp-json\/wp\/v2\/pages\/155"}],"collection":[{"href":"https:\/\/www.rg16.at\/index.php\/wp-json\/wp\/v2\/pages"}],"about":[{"href":"https:\/\/www.rg16.at\/index.php\/wp-json\/wp\/v2\/types\/page"}],"author":[{"embeddable":true,"href":"https:\/\/www.rg16.at\/index.php\/wp-json\/wp\/v2\/users\/71"}],"replies":[{"embeddable":true,"href":"https:\/\/www.rg16.at\/index.php\/wp-json\/wp\/v2\/comments?post=155"}],"version-history":[{"count":13,"href":"https:\/\/www.rg16.at\/index.php\/wp-json\/wp\/v2\/pages\/155\/revisions"}],"predecessor-version":[{"id":9315,"href":"https:\/\/www.rg16.at\/index.php\/wp-json\/wp\/v2\/pages\/155\/revisions\/9315"}],"up":[{"embeddable":true,"href":"https:\/\/www.rg16.at\/index.php\/wp-json\/wp\/v2\/pages\/63"}],"wp:attachment":[{"href":"https:\/\/www.rg16.at\/index.php\/wp-json\/wp\/v2\/media?parent=155"}],"wp:term":[{"taxonomy":"post_tag","embeddable":true,"href":"https:\/\/www.rg16.at\/index.php\/wp-json\/wp\/v2\/tags?post=155"}],"curies":[{"name":"wp","href":"https:\/\/api.w.org\/{rel}","templated":true}]}}