{"id":15117,"date":"2024-01-18T14:42:58","date_gmt":"2024-01-18T13:42:58","guid":{"rendered":"https:\/\/www.rg16.at\/?page_id=15117"},"modified":"2024-01-30T08:05:26","modified_gmt":"2024-01-30T07:05:26","slug":"ilb-individuelle-lernbegleitung","status":"publish","type":"page","link":"https:\/\/www.rg16.at\/index.php\/zusatzangebote\/ilb-individuelle-lernbegleitung\/","title":{"rendered":"ILB \u2013 Individuelle Lernbegleitung"},"content":{"rendered":"<h1>Individuelle Lernbegleitung<\/h1>\n<p>Es ist uns ein gro\u00dfes Anliegen, dass alle unsere Sch\u00fcler*innen erfolgreich ihren Weg an unserer Schule gehen!<\/p>\n<h5>Was ist Individuelle Lernbegleitung (=ILB)?<\/h5>\n<p>Individuelle Lernbegleitung (ILB) ist ein freiwilliges, kostenfreies Beratungsangebot f\u00fcr Sch\u00fcler*innen der <strong>6.- 8. Klasse<\/strong> mit Lernschwierigkeiten. Sie soll dazu dienen, das pers\u00f6nliche Lernverhalten zu verbessern und bessere Ergebnisse zu erzielen. Die ILB erfolgt individuell, gegenstandsunabh\u00e4ngig und unterst\u00fctzt bei Themen wie z.B. Lernorganisation, Konzentration, Lernstrategien, fehlender Motivation oder Zeitmanagement.<\/p>\n<h5>Wie l\u00e4uft eine ILB ab?<\/h5>\n<p>Am Anfang werden die Ausgangssituation und Ursachen der Lernprobleme beleuchtet. Dazu geh\u00f6rt z.B. eine St\u00e4rken\/Schw\u00e4chen-Analyse. Im Mittelpunkt steht immer der\/die Sch\u00fcler*in selbst. Danach werden gemeinsam realistische Ziele ins Auge gefasst und L\u00f6sungswege mit passenden Strategien gesucht. Diese werden im Alltag umgesetzt und reflektiert und somit die Eigenverantwortung und Motivation im Lernprozess gesteigert.<\/p>\n<h5>Wie oft findet eine ILB statt?<\/h5>\n<p>Die Dauer der Lernbegleitung ist individuell und die Beratungseinheiten werden nach Bedarf vereinbart. Diese finden au\u00dferhalb der Unterrichtszeit statt. Es k\u00f6nnen Einzeltermine oder eine Reihe von Terminen \u00fcber mehrere Wochen hinweg sein. Wenn der\/die Sch\u00fcler*in die Lernbetreuung nicht in Anspruch nimmt, wird diese abgebrochen. Ebenso kann die Lernbetreuung abgebrochen werden, wenn sich der Lernerfolg einstellt oder wenn die Betreuung sinnlos erscheint.<\/p>\n<h5>Wie kommt man zu einer ILB?<\/h5>\n<p>Voraussetzung f\u00fcr eine Inanspruchnahme dieses Angebots ist eine Fr\u00fchwarnung in einem Gegenstand. Wenn der Klassenvorstand oder der\/die betreffende Fachlehrer*in und die\/der Sch\u00fcler*in der Meinung sind, dass eine ILB hilfreich w\u00e4re, kann sich der\/die Sch\u00fcler*in eine ILB-Lehrkraft w\u00fcnschen. Die Direktion betraut nach R\u00fccksprache mit der gew\u00fcnschten Lehrkraft diese mit der Lernberatung.<\/p>\n<h5>Unsere ausgebildeten Lernbegleiter*innen:<\/h5>\n<p>Mag. <strong>Intzes<\/strong> Cristina, Mag. <strong>Martini<\/strong> Birgit, Mag. <strong>Obrowsky<\/strong> Nina, Mag. <strong>Stocker<\/strong> Gabriela, Mag. <strong>Thaler<\/strong> Elisabeth<\/p>\n<p>Die Anmeldung f\u00fcr eine ILB erfolgt \u00fcber ein Formular, das mit der Fr\u00fchwarnung ausgegeben wird. Es kann auch im Sekretariat behoben werden oder es kann <a href=\"https:\/\/www.rg16.at\/wp-content\/uploads\/2024\/01\/Anmeldung-zur-Lernbegleitung-BRG16-Schuhmeierplatz.pdf\">hier<\/a> heruntergeladen werden (Formular ILB). Dieses wird ausgef\u00fcllt und unterschrieben im Sekretariat abgegeben.<\/p>\n<p style=\"text-align: center;\"><em>Melde dich an, wenn Bedarf besteht!<\/em><\/p>\n<h5>Downloads:<\/h5>\n<p><a href=\"https:\/\/www.rg16.at\/wp-content\/uploads\/2024\/01\/Anmeldung-zur-Lernbegleitung-BRG16-Schuhmeierplatz.pdf\">Anmeldung zur Lernbegleitung BRG16 Schuhmeierplatz<\/a><\/p>\n<p><a href=\"https:\/\/www.rg16.at\/wp-content\/uploads\/2024\/01\/Folder-ILB-BRG16-Schuhmeierplatz.pdf\">Folder ILB BRG16 Schuhmeierplatz<\/a><\/p>\n<p><a href=\"https:\/\/www.rg16.at\/wp-content\/uploads\/2024\/01\/Ablauf-ILB-am-BRG16-Schuhmeierplatz.pdf\">Ablauf ILB am BRG16 Schuhmeierplatz<\/a><\/p>\n","protected":false},"excerpt":{"rendered":"<p>Individuelle Lernbegleitung Es ist uns ein gro\u00dfes Anliegen, dass alle unsere Sch\u00fcler*innen erfolgreich ihren Weg an unserer Schule gehen! Was ist Individuelle Lernbegleitung (=ILB)? Individuelle Lernbegleitung (ILB) ist ein freiwilliges, kostenfreies Beratungsangebot f\u00fcr Sch\u00fcler*innen der 6.- 8. Klasse mit Lernschwierigkeiten.<\/p>\n","protected":false},"author":27,"featured_media":0,"parent":59,"menu_order":0,"comment_status":"closed","ping_status":"closed","template":"","meta":[],"tags":[],"_links":{"self":[{"href":"https:\/\/www.rg16.at\/index.php\/wp-json\/wp\/v2\/pages\/15117"}],"collection":[{"href":"https:\/\/www.rg16.at\/index.php\/wp-json\/wp\/v2\/pages"}],"about":[{"href":"https:\/\/www.rg16.at\/index.php\/wp-json\/wp\/v2\/types\/page"}],"author":[{"embeddable":true,"href":"https:\/\/www.rg16.at\/index.php\/wp-json\/wp\/v2\/users\/27"}],"replies":[{"embeddable":true,"href":"https:\/\/www.rg16.at\/index.php\/wp-json\/wp\/v2\/comments?post=15117"}],"version-history":[{"count":11,"href":"https:\/\/www.rg16.at\/index.php\/wp-json\/wp\/v2\/pages\/15117\/revisions"}],"predecessor-version":[{"id":15142,"href":"https:\/\/www.rg16.at\/index.php\/wp-json\/wp\/v2\/pages\/15117\/revisions\/15142"}],"up":[{"embeddable":true,"href":"https:\/\/www.rg16.at\/index.php\/wp-json\/wp\/v2\/pages\/59"}],"wp:attachment":[{"href":"https:\/\/www.rg16.at\/index.php\/wp-json\/wp\/v2\/media?parent=15117"}],"wp:term":[{"taxonomy":"post_tag","embeddable":true,"href":"https:\/\/www.rg16.at\/index.php\/wp-json\/wp\/v2\/tags?post=15117"}],"curies":[{"name":"wp","href":"https:\/\/api.w.org\/{rel}","templated":true}]}}