{"id":13291,"date":"2021-10-21T17:11:42","date_gmt":"2021-10-21T15:11:42","guid":{"rendered":"https:\/\/www.rg16.at\/?page_id=13291"},"modified":"2022-12-17T06:35:22","modified_gmt":"2022-12-17T05:35:22","slug":"neue-untersstufe-ab-2022-23","status":"publish","type":"page","link":"https:\/\/www.rg16.at\/index.php\/neue-untersstufe-ab-2022-23\/","title":{"rendered":"Neue Unterstufe ab 2022\/23"},"content":{"rendered":"<p>Ab dem <u>Schuljahr 2022\/23<\/u> gibt es in der <strong>Unterstufe<\/strong> (1. bis 4. Klasse) <strong>4 Schwerpunktklassen<\/strong>:<br \/>\n<img decoding=\"async\" loading=\"lazy\" class=\"alignnone wp-image-14242 size-full\" src=\"https:\/\/www.rg16.at\/wp-content\/uploads\/2022\/12\/musischkreativ2.png\" alt=\"Musisch-Kreaktiv\" width=\"1024\" height=\"345\" srcset=\"https:\/\/www.rg16.at\/wp-content\/uploads\/2022\/12\/musischkreativ2.png 1024w, https:\/\/www.rg16.at\/wp-content\/uploads\/2022\/12\/musischkreativ2-300x101.png 300w, https:\/\/www.rg16.at\/wp-content\/uploads\/2022\/12\/musischkreativ2-768x259.png 768w\" sizes=\"(max-width: 1024px) 100vw, 1024px\" \/><br \/>\n<strong>Was dich in der Klasse \u201eMusisch-Kreaktiv\u201c erwartet:<\/strong><\/p>\n<ul style=\"background-color: #c8dced;\">\n<li>Vertiefendes, kreatives Arbeiten mit unterschiedlichen Medien<\/li>\n<li>Experimentieren mit Farben, Formen, T\u00f6nen<\/li>\n<li>Workshops mit K\u00fcnstlerInnen<\/li>\n<li>F\u00e4cher\u00fcbergreifende, kreative Projekte<\/li>\n<li>F\u00f6rderung und Ausdruck deines kreativen Potentials<\/li>\n<li>Gemeinsames Gestalten einer Performance<\/li>\n<\/ul>\n<table style=\"border-collapse: collapse; width: 100%;\">\n<tbody>\n<tr>\n<td style=\"width: 50%;\"><strong>1. + 2. Klasse<\/strong><\/td>\n<td style=\"width: 50%;\"><strong>3. + 4. Klasse<\/strong><\/td>\n<\/tr>\n<tr>\n<td style=\"width: 50%;\">Unverbindliche \u00dcbung zur Wahl<br \/>\nMusik+, BE+, Chor, Orchester\/Band, Instrumentalunterricht<br \/>\n(mind. 1 Std. pro Woche)<\/td>\n<td style=\"width: 50%;\">Pflichtfach \u201eMuK\u201c (2 Std. pro Woche)<\/td>\n<\/tr>\n<\/tbody>\n<\/table>\n<p><img decoding=\"async\" loading=\"lazy\" class=\"alignnone wp-image-14241 size-full\" src=\"https:\/\/www.rg16.at\/wp-content\/uploads\/2022\/12\/mint2.png\" alt=\"MINT\" width=\"1024\" height=\"342\" srcset=\"https:\/\/www.rg16.at\/wp-content\/uploads\/2022\/12\/mint2.png 1024w, https:\/\/www.rg16.at\/wp-content\/uploads\/2022\/12\/mint2-300x100.png 300w, https:\/\/www.rg16.at\/wp-content\/uploads\/2022\/12\/mint2-768x257.png 768w\" sizes=\"(max-width: 1024px) 100vw, 1024px\" \/><br \/>\n<strong>Was dich in der Klasse \u201eMINT\u201c erwartet:<\/strong><\/p>\n<ul style=\"background-color: #d6e5c9;\">\n<li>Planen und Durchf\u00fchren von Experimenten<\/li>\n<li>Forschendes und entdeckendes Lernen<\/li>\n<li>Angewandte Technik und neue Technologien (z.B. Robotik)<\/li>\n<li>Praktische Arbeit im Labor und im Freien (z.B. Sezieren, Gartenarbeit,\u2026)<\/li>\n<li>Einblick in die Wissenschaft<\/li>\n<li>F\u00e4cher\u00fcbergreifende Auseinandersetzung mit verschiedenen Themengebieten (z.B. Elektrizit\u00e4t, Lebensraum Wasser, Ern\u00e4hrung\u2026)<\/li>\n<\/ul>\n<table style=\"border-collapse: collapse; width: 100%;\">\n<tbody>\n<tr>\n<td style=\"width: 50%;\"><strong>1. + 2. Klasse<\/strong><\/td>\n<td style=\"width: 50%;\"><strong>3. + 4. Klasse<\/strong><\/td>\n<\/tr>\n<tr>\n<td style=\"width: 50%;\">Unverbindliche \u00dcbung \u201eEinstein Junior\u201c<br \/>\n(1 Std. pro Woche)<\/td>\n<td style=\"width: 50%;\">Pflichtfach \u201eScience\u201c<br \/>\n(2 Std. pro Woche)<\/td>\n<\/tr>\n<\/tbody>\n<\/table>\n<p><img decoding=\"async\" loading=\"lazy\" class=\"alignnone wp-image-14240 size-full\" src=\"https:\/\/www.rg16.at\/wp-content\/uploads\/2022\/12\/iwa2.png\" alt=\"IWA - ICH - WIR - ALLE\" width=\"1024\" height=\"347\" srcset=\"https:\/\/www.rg16.at\/wp-content\/uploads\/2022\/12\/iwa2.png 1024w, https:\/\/www.rg16.at\/wp-content\/uploads\/2022\/12\/iwa2-300x102.png 300w, https:\/\/www.rg16.at\/wp-content\/uploads\/2022\/12\/iwa2-768x260.png 768w\" sizes=\"(max-width: 1024px) 100vw, 1024px\" \/><br \/>\n<strong>Was dich in der Klasse \u201eIWA\u201c erwartet:<\/strong><\/p>\n<ul style=\"background-color: #faeec2;\">\n<li>Lerne dich besser kennen und andere Lebenswelten besser verstehen<\/li>\n<li>Lernen f\u00fcrs Leben<\/li>\n<li>Soziales Lernen<\/li>\n<li>Konfliktmanagement<\/li>\n<li>Projekte zu sozialen, gesellschaftlichen und politischen Themen<\/li>\n<li>Gruppendynamische Spiele<\/li>\n<\/ul>\n<table style=\"border-collapse: collapse; width: 100%;\">\n<tbody>\n<tr>\n<td style=\"width: 50%;\"><strong>1. + 2. Klasse<\/strong><\/td>\n<td style=\"width: 50%;\"><strong>3. + 4. Klasse<\/strong><\/td>\n<\/tr>\n<tr>\n<td style=\"width: 50%;\">Unverbindliche \u00dcbung \u201eSoLe\u201c (Sozial- und Le-benskompetenz)<br \/>\n(1 Std. pro Woche)<\/td>\n<td style=\"width: 50%;\">Pflichtfach \u201eSoLe\u201c (2 Std. pro Woche)<\/td>\n<\/tr>\n<\/tbody>\n<\/table>\n<p><img decoding=\"async\" loading=\"lazy\" class=\"alignnone wp-image-14243 size-full\" src=\"https:\/\/www.rg16.at\/wp-content\/uploads\/2022\/12\/spanisch2.png\" alt=\"SPANISCH\" width=\"1024\" height=\"346\" srcset=\"https:\/\/www.rg16.at\/wp-content\/uploads\/2022\/12\/spanisch2.png 1024w, https:\/\/www.rg16.at\/wp-content\/uploads\/2022\/12\/spanisch2-300x101.png 300w, https:\/\/www.rg16.at\/wp-content\/uploads\/2022\/12\/spanisch2-768x260.png 768w\" sizes=\"(max-width: 1024px) 100vw, 1024px\" \/><br \/>\n<strong>Was dich in der Klasse \u201eSpanisch\u201c erwartet:<\/strong><\/p>\n<ul style=\"background-color: #f8bba9;\">\n<li>Kennenlernen der spanischen und latein-amerikanischen Kultur<\/li>\n<li>Dialoge und Rollenspiele zu Alltagssituationen<\/li>\n<li>Singen von spanischen Liedern<\/li>\n<li>Native Speakers<\/li>\n<li>Austausch mit einer Partnerschule<\/li>\n<li>Erlernen der spanischen Sprache<\/li>\n<\/ul>\n<table style=\"border-collapse: collapse; width: 100%; height: 72px;\">\n<tbody>\n<tr style=\"height: 24px;\">\n<td style=\"width: 50%; height: 24px;\"><strong>1. + 2. Klasse<\/strong><\/td>\n<td style=\"width: 50%; height: 24px;\"><strong>3. + 4. Klasse<\/strong><\/td>\n<\/tr>\n<tr style=\"height: 48px;\">\n<td style=\"width: 50%; height: 48px;\">Unverbindliche \u00dcbung \u201eHola!\u201c<br \/>\n(1 Std. pro Woche)<\/td>\n<td style=\"width: 50%; height: 48px;\">Schularbeitsfach \u201eSpanisch\u201c<br \/>\n(3 Std. pro Woche)<\/td>\n<\/tr>\n<\/tbody>\n<\/table>\n<p>&nbsp;<\/p>\n","protected":false},"excerpt":{"rendered":"<p>Ab dem Schuljahr 2022\/23 gibt es in der Unterstufe (1. bis 4. Klasse) 4 Schwerpunktklassen: Was dich in der Klasse \u201eMusisch-Kreaktiv\u201c erwartet: Vertiefendes, kreatives Arbeiten mit unterschiedlichen Medien Experimentieren mit Farben, Formen, T\u00f6nen Workshops mit K\u00fcnstlerInnen F\u00e4cher\u00fcbergreifende, kreative Projekte F\u00f6rderung<\/p>\n","protected":false},"author":3,"featured_media":0,"parent":0,"menu_order":0,"comment_status":"closed","ping_status":"closed","template":"","meta":[],"tags":[],"_links":{"self":[{"href":"https:\/\/www.rg16.at\/index.php\/wp-json\/wp\/v2\/pages\/13291"}],"collection":[{"href":"https:\/\/www.rg16.at\/index.php\/wp-json\/wp\/v2\/pages"}],"about":[{"href":"https:\/\/www.rg16.at\/index.php\/wp-json\/wp\/v2\/types\/page"}],"author":[{"embeddable":true,"href":"https:\/\/www.rg16.at\/index.php\/wp-json\/wp\/v2\/users\/3"}],"replies":[{"embeddable":true,"href":"https:\/\/www.rg16.at\/index.php\/wp-json\/wp\/v2\/comments?post=13291"}],"version-history":[{"count":10,"href":"https:\/\/www.rg16.at\/index.php\/wp-json\/wp\/v2\/pages\/13291\/revisions"}],"predecessor-version":[{"id":14270,"href":"https:\/\/www.rg16.at\/index.php\/wp-json\/wp\/v2\/pages\/13291\/revisions\/14270"}],"wp:attachment":[{"href":"https:\/\/www.rg16.at\/index.php\/wp-json\/wp\/v2\/media?parent=13291"}],"wp:term":[{"taxonomy":"post_tag","embeddable":true,"href":"https:\/\/www.rg16.at\/index.php\/wp-json\/wp\/v2\/tags?post=13291"}],"curies":[{"name":"wp","href":"https:\/\/api.w.org\/{rel}","templated":true}]}}