{"id":12719,"date":"2021-06-03T13:09:24","date_gmt":"2021-06-03T11:09:24","guid":{"rendered":"https:\/\/www.rg16.at\/?page_id=12719"},"modified":"2021-06-17T06:55:19","modified_gmt":"2021-06-17T04:55:19","slug":"beitrag-von-meleka","status":"publish","type":"page","link":"https:\/\/www.rg16.at\/index.php\/beitrag-von-meleka\/","title":{"rendered":"Beitrag von Meleka"},"content":{"rendered":"<p><strong>Meine pers\u00f6nliche Situation: <\/strong><\/p>\n<p><span data-contrast=\"auto\">Als alles anfing, wurde mein Leben grundlegend ver\u00e4ndert. Im 1. Lockdown war noch alles relativ normal, wir dachten, wir werden zwei Wochen lang nicht in die Schule gehen, daraus wurden aber zwei Monate. Da wir keinen Online-Unterricht hatten, sondern nur Aufgaben abgeben mussten, war es einfach. Doch es wurde immer schwerer, schon ab dem 2. Lockdown begann der Online-Unterricht und ich hatte nicht mehr so viel Zeit f\u00fcr die Aufgaben wie im 1. Lockdown. Ich hatte auch zu wenig Zeit etwas zu unternehmen, was mir Spa\u00df macht und musste den ganzen Tag etwas f\u00fcr die Schule leisten: Online-Unterricht, Haus\u00fcbungen, lernen und das jeden Tag. Es wurde mir zu anstrengend, deswegen habe ich etwas nachgelassen. Danach begannen wir, zwei Tage in der Woche in die Schule zu gehen, was ganz in Ordnung war und man konnte viel besser im Unterricht mitkommen. Es war aber sehr anstrengend, sich wieder dran zu gew\u00f6hnen, f\u00fcnf Tage die Woche in die Schule zu gehen.<\/span><\/p>\n<p><strong>Befragte Person: <\/strong><\/p>\n<p><span data-contrast=\"auto\">Name: <\/span><span data-contrast=\"auto\">Erna H.<\/span><\/p>\n<p><span data-contrast=\"auto\">Belgrad (Serbien) 1,374<\/span><span data-contrast=\"none\">\u202fMillionen Einwohner (2016)<\/span><span data-ccp-props=\"{&quot;201341983&quot;:0,&quot;335559739&quot;:160,&quot;335559740&quot;:259}\"><br \/>\n<\/span><\/p>\n<p><span data-contrast=\"auto\">In Serbien war es \u00e4hnlich wie in \u00d6sterreich, es gab Lockdowns, dann ging nur die halbe Klasse in die Schule, aber sie mussten sich nie testen, sie mussten nur Masken tragen.<\/span><\/p>\n<p><span data-contrast=\"auto\">Meiner Cousine Erna H. ging es genauso wie vor dem Lockdown, nicht besser, aber auch nicht schlechter. Sie hatte mehr Zeit f\u00fcr sich selbst, weil sie nicht jeden Tag Online-Unterricht hatte und trotzdem alle Gesch\u00e4fte meistens ge\u00f6ffnet waren. Sie ging oft mit ihrer Schwester raus. Erna hat auch nicht viele Aufgaben gekriegt, die sie erledigen musste. Sie stand sp\u00e4t auf und ist auch sehr sp\u00e4t schlafen gegangen.<\/span><br \/>\n<iframe src=\"https:\/\/www.google.com\/maps\/embed?pb=!1m28!1m12!1m3!1d2812837.8026302!2d16.175116389269117!3d46.49005655766152!2m3!1f0!2f0!3f0!3m2!1i1024!2i768!4f13.1!4m13!3e0!4m5!1s0x476d079e5136ca9f%3A0xfdc2e58a51a25b46!2sWien!3m2!1d48.208174299999996!2d16.3738189!4m5!1s0x475a7aa3d7b53fbd%3A0x1db8645cf2177ee4!2sBelgrad%2C%20Serbien!3m2!1d44.8125449!2d20.4612299!5e0!3m2!1sde!2sat!4v1623841453901!5m2!1sde!2sat\" width=\"600\" height=\"450\" style=\"border:0;\" allowfullscreen=\"\" loading=\"lazy\"><\/iframe><\/p>\n<p><a href=\"https:\/\/www.rg16.at\/index.php\/2021\/06\/16\/jugendliche-in-der-pandemie-ein-internationaler-vergleich\/\"><span data-ccp-props=\"{&quot;201341983&quot;:0,&quot;335559739&quot;:160,&quot;335559740&quot;:259}\">zur\u00fcck<\/span><\/a><\/p>\n","protected":false},"excerpt":{"rendered":"<p>Meine pers\u00f6nliche Situation: Als alles anfing, wurde mein Leben grundlegend ver\u00e4ndert. Im 1. Lockdown war noch alles relativ normal, wir dachten, wir werden zwei Wochen lang nicht in die Schule gehen, daraus wurden aber zwei Monate. Da wir keinen Online-Unterricht<\/p>\n","protected":false},"author":26,"featured_media":0,"parent":0,"menu_order":0,"comment_status":"closed","ping_status":"closed","template":"","meta":[],"tags":[],"_links":{"self":[{"href":"https:\/\/www.rg16.at\/index.php\/wp-json\/wp\/v2\/pages\/12719"}],"collection":[{"href":"https:\/\/www.rg16.at\/index.php\/wp-json\/wp\/v2\/pages"}],"about":[{"href":"https:\/\/www.rg16.at\/index.php\/wp-json\/wp\/v2\/types\/page"}],"author":[{"embeddable":true,"href":"https:\/\/www.rg16.at\/index.php\/wp-json\/wp\/v2\/users\/26"}],"replies":[{"embeddable":true,"href":"https:\/\/www.rg16.at\/index.php\/wp-json\/wp\/v2\/comments?post=12719"}],"version-history":[{"count":10,"href":"https:\/\/www.rg16.at\/index.php\/wp-json\/wp\/v2\/pages\/12719\/revisions"}],"predecessor-version":[{"id":12854,"href":"https:\/\/www.rg16.at\/index.php\/wp-json\/wp\/v2\/pages\/12719\/revisions\/12854"}],"wp:attachment":[{"href":"https:\/\/www.rg16.at\/index.php\/wp-json\/wp\/v2\/media?parent=12719"}],"wp:term":[{"taxonomy":"post_tag","embeddable":true,"href":"https:\/\/www.rg16.at\/index.php\/wp-json\/wp\/v2\/tags?post=12719"}],"curies":[{"name":"wp","href":"https:\/\/api.w.org\/{rel}","templated":true}]}}