{"id":12713,"date":"2021-06-03T13:06:01","date_gmt":"2021-06-03T11:06:01","guid":{"rendered":"https:\/\/www.rg16.at\/?page_id=12713"},"modified":"2021-06-17T06:56:40","modified_gmt":"2021-06-17T04:56:40","slug":"beitrag-von-sidrah","status":"publish","type":"page","link":"https:\/\/www.rg16.at\/index.php\/beitrag-von-sidrah\/","title":{"rendered":"Beitrag von Sidrah"},"content":{"rendered":"<h1><strong>Meine pers\u00f6nliche Situation in der Pandemie:<\/strong><\/h1>\n<p>Am Anfang der Pandemie gingen mir fatale Gedanken durch den Kopf, n\u00e4mlich dass ich mich an den schulischen Aufgaben nicht mehr beteiligen m\u00fcsste. Doch w\u00e4re ich diesen t\u00f6richten Gedanken gefolgt, steckte ich heute, wo es wieder Pr\u00e4senzunterricht gibt, in enormen schulischen Schwierigkeiten. Manche Lehrer und Lehrerinnen versetzten sich kaum in die Position der Sch\u00fcler und Sch\u00fclerinnen. Viele Sch\u00fcler und Sch\u00fclerinnen verschlechterten sich durch die Schlie\u00dfungen der Schulen und mit dem Online-Unterricht massiv. Es ging mir ebenfalls w\u00e4hrend des Lockdowns psychisch nicht gut. Ich hatte keinerlei Motivation etwas f\u00fcr die Schule oder Sonstiges zu tun. So ging es aber nicht nur mir. Freunde klagten, wie schlecht es ihnen ginge und ich war schockiert. Die Corona-Pandemie hat nicht nur die Bildung der Sch\u00fcler verschlechtert, sondern auch ihre mentale Verfassung. Im Gro\u00dfen und Ganzen l\u00e4sst sich also sagen, dass die Regierung \u00d6sterreichs bei den Versuchen den Corona-Virus einzud\u00e4mmen, durch lauter Lockdowns uns Jugendlichen au\u00dferordentlich geschadet hat.<\/p>\n<h1><strong>Befragte Person:<\/strong><\/h1>\n<p>Ich habe meine Cousine aus \u00c4gypten gefragt, wie die Pandemiesituation dort ist und die Antwort, die sie mir gab, war erstaunlich. Die Einwohner aus ihrem Dorf sind nicht die Zuverl\u00e4ssigsten, was die Einhaltung der Corona-Regeln angeht. Die Leute pfeifen teilweise auf alle Regeln und gehen raus, selbst wenn sie wissen, dass manche das Virus in sich tragen. Man musste hinausgehen, um sich Nahrung und Medikamente zu besorgen, Verwandten behilflich zu sein oder der Arbeit nachzukommen. Die Leute dort haben viele Familienangeh\u00f6rige, um die sie sich k\u00fcmmern m\u00fcssen. Sie k\u00f6nnen es sich nicht leisten, zu Hause zu bleiben und nicht zu arbeiten. Deswegen stiegen die Infektionszahlen \u00c4gyptens in die H\u00f6he.<br \/>\n<iframe src=\"https:\/\/www.google.com\/maps\/embed?pb=!1m28!1m12!1m3!1d12835048.248538055!2d14.37235004125785!3d38.243392760034396!2m3!1f0!2f0!3f0!3m2!1i1024!2i768!4f13.1!4m13!3e0!4m5!1s0x476d079e5136ca9f%3A0xfdc2e58a51a25b46!2sWien!3m2!1d48.208174299999996!2d16.3738189!4m5!1s0x14f7df5a4163d605%3A0x6d8d8c16bd36bffe!2sAl-Minufiyya%2C%20%C3%84gypten!3m2!1d30.5972455!2d30.9876321!5e0!3m2!1sde!2sat!4v1623841993710!5m2!1sde!2sat\" width=\"600\" height=\"450\" style=\"border:0;\" allowfullscreen=\"\" loading=\"lazy\"><\/iframe><\/p>\n<p><a href=\"https:\/\/www.rg16.at\/index.php\/2021\/06\/16\/jugendliche-in-der-pandemie-ein-internationaler-vergleich\/\">zur\u00fcck<\/a><\/p>\n","protected":false},"excerpt":{"rendered":"<p>Meine pers\u00f6nliche Situation in der Pandemie: Am Anfang der Pandemie gingen mir fatale Gedanken durch den Kopf, n\u00e4mlich dass ich mich an den schulischen Aufgaben nicht mehr beteiligen m\u00fcsste. Doch w\u00e4re ich diesen t\u00f6richten Gedanken gefolgt, steckte ich heute, wo<\/p>\n","protected":false},"author":26,"featured_media":0,"parent":0,"menu_order":0,"comment_status":"closed","ping_status":"closed","template":"","meta":[],"tags":[],"_links":{"self":[{"href":"https:\/\/www.rg16.at\/index.php\/wp-json\/wp\/v2\/pages\/12713"}],"collection":[{"href":"https:\/\/www.rg16.at\/index.php\/wp-json\/wp\/v2\/pages"}],"about":[{"href":"https:\/\/www.rg16.at\/index.php\/wp-json\/wp\/v2\/types\/page"}],"author":[{"embeddable":true,"href":"https:\/\/www.rg16.at\/index.php\/wp-json\/wp\/v2\/users\/26"}],"replies":[{"embeddable":true,"href":"https:\/\/www.rg16.at\/index.php\/wp-json\/wp\/v2\/comments?post=12713"}],"version-history":[{"count":7,"href":"https:\/\/www.rg16.at\/index.php\/wp-json\/wp\/v2\/pages\/12713\/revisions"}],"predecessor-version":[{"id":12858,"href":"https:\/\/www.rg16.at\/index.php\/wp-json\/wp\/v2\/pages\/12713\/revisions\/12858"}],"wp:attachment":[{"href":"https:\/\/www.rg16.at\/index.php\/wp-json\/wp\/v2\/media?parent=12713"}],"wp:term":[{"taxonomy":"post_tag","embeddable":true,"href":"https:\/\/www.rg16.at\/index.php\/wp-json\/wp\/v2\/tags?post=12713"}],"curies":[{"name":"wp","href":"https:\/\/api.w.org\/{rel}","templated":true}]}}