{"id":12710,"date":"2021-06-03T13:03:24","date_gmt":"2021-06-03T11:03:24","guid":{"rendered":"https:\/\/www.rg16.at\/?page_id=12710"},"modified":"2021-06-17T06:54:23","modified_gmt":"2021-06-17T04:54:23","slug":"beitrag-von-anita","status":"publish","type":"page","link":"https:\/\/www.rg16.at\/index.php\/beitrag-von-anita\/","title":{"rendered":"Beitrag von Anita"},"content":{"rendered":"<h1><u>Meine pers\u00f6nliche Situation in der Pandemie<\/u><\/h1>\n<p>Anfangs war es noch ganz in Ordnung, da sich nicht viel ver\u00e4ndert hat in meinem Alltag. Ich bin gerne zu Hause geblieben. Es wurde nur nach einer Zeit so langweilig immer drinnen zu bleiben, dass ich auch mal rausgehen und irgendwas unternehmen wollte. Au\u00dferdem hatte ich nie wirklich Lust f\u00fcr ein paar Minuten spazieren zu gehen, woraufhin es noch langweiliger wurde. Psychisch jedoch ging es mir trotzdem noch ganz gut und auch mit meiner Familie bin ich meistens gut zurechtgekommen. Ich fand die Masken besonders nervig und unn\u00f6tig. Schlimmer wurde es als die FFP2-Maskenpflicht eingef\u00fchrt wurde. Der Online-Unterricht war an f\u00fcr sich gar nicht so schwer zu bew\u00e4ltigen. Im Gegenteil, ich fand die Online-Stunden viel einfacher und bequemer. Da ich jeden Tag viel zu lange am Handy verbracht habe, wollte ich mit Sport anfangen, um mich k\u00f6rperlich fit zu halten. Dies hat mir auch sehr geholfen, meine Faulheit zu bek\u00e4mpfen und mehr an Motivation zu gewinnen.<\/p>\n<h1><u>Befragte Person<\/u><\/h1>\n<p>Ich habe meine Cousine aus dem Kosovo nach ihrem Alltag w\u00e4hrend der Pandemie befragt. Als sie mir davon erz\u00e4hlte, habe ich gemerkt, dass wir so ziemlich gleich damit umgegangen sind. F\u00fcr sie waren die Lockdowns auch kein gro\u00dfes Problem. Sie hat ihre Langeweile mit Lesen, Lernen und Serienschauen vertrieben. Wenn es ihr mal drinnen zu viel wurde, spazierte sie in ihrer Gegend herum oder verweilte in ihrem Garten. Einen kleinen Unterschied gab es jedoch schon und zwar hatte sie gar keinen Online-Unterricht. Ihr psychischer Zustand hat sich auch nicht wirklich verschlechtert, sie konnte also gut mit der Situation umgehen. Die Masken haben sie, wie auch mich, besonders stark belastet.<br \/>\n<iframe src=\"https:\/\/www.google.com\/maps\/embed?pb=!1m28!1m12!1m3!1d2892690.8883659868!2d16.36876147766037!3d44.925502375348756!2m3!1f0!2f0!3f0!3m2!1i1024!2i768!4f13.1!4m13!3e0!4m5!1s0x476d079e5136ca9f%3A0xfdc2e58a51a25b46!2sWien!3m2!1d48.208174299999996!2d16.3738189!4m5!1s0x1353950a12f4301f%3A0xda0e2e9b8d3d5850!2sPrizren!3m2!1d42.217143799999995!2d20.7436495!5e0!3m2!1sde!2sat!4v1623842129714!5m2!1sde!2sat\" width=\"600\" height=\"450\" style=\"border:0;\" allowfullscreen=\"\" loading=\"lazy\"><\/iframe><\/p>\n<p><a href=\"https:\/\/www.rg16.at\/index.php\/2021\/06\/16\/jugendliche-in-der-pandemie-ein-internationaler-vergleich\/\">zur\u00fcck<\/a><\/p>\n","protected":false},"excerpt":{"rendered":"<p>Meine pers\u00f6nliche Situation in der Pandemie Anfangs war es noch ganz in Ordnung, da sich nicht viel ver\u00e4ndert hat in meinem Alltag. Ich bin gerne zu Hause geblieben. Es wurde nur nach einer Zeit so langweilig immer drinnen zu bleiben,<\/p>\n","protected":false},"author":26,"featured_media":0,"parent":0,"menu_order":0,"comment_status":"closed","ping_status":"closed","template":"","meta":[],"tags":[],"_links":{"self":[{"href":"https:\/\/www.rg16.at\/index.php\/wp-json\/wp\/v2\/pages\/12710"}],"collection":[{"href":"https:\/\/www.rg16.at\/index.php\/wp-json\/wp\/v2\/pages"}],"about":[{"href":"https:\/\/www.rg16.at\/index.php\/wp-json\/wp\/v2\/types\/page"}],"author":[{"embeddable":true,"href":"https:\/\/www.rg16.at\/index.php\/wp-json\/wp\/v2\/users\/26"}],"replies":[{"embeddable":true,"href":"https:\/\/www.rg16.at\/index.php\/wp-json\/wp\/v2\/comments?post=12710"}],"version-history":[{"count":6,"href":"https:\/\/www.rg16.at\/index.php\/wp-json\/wp\/v2\/pages\/12710\/revisions"}],"predecessor-version":[{"id":12851,"href":"https:\/\/www.rg16.at\/index.php\/wp-json\/wp\/v2\/pages\/12710\/revisions\/12851"}],"wp:attachment":[{"href":"https:\/\/www.rg16.at\/index.php\/wp-json\/wp\/v2\/media?parent=12710"}],"wp:term":[{"taxonomy":"post_tag","embeddable":true,"href":"https:\/\/www.rg16.at\/index.php\/wp-json\/wp\/v2\/tags?post=12710"}],"curies":[{"name":"wp","href":"https:\/\/api.w.org\/{rel}","templated":true}]}}