{"id":12707,"date":"2021-06-03T13:01:59","date_gmt":"2021-06-03T11:01:59","guid":{"rendered":"https:\/\/www.rg16.at\/?page_id=12707"},"modified":"2021-06-17T06:53:57","modified_gmt":"2021-06-17T04:53:57","slug":"beitrag-von-alexia","status":"publish","type":"page","link":"https:\/\/www.rg16.at\/index.php\/beitrag-von-alexia\/","title":{"rendered":"Beitrag von Alexia"},"content":{"rendered":"<p><strong>Meine pers\u00f6nliche Situation: <\/strong><\/p>\n<p>Als die Pandemie anfing, dachte ich mir nicht, dass diese mein Leben so sehr beeinflussen wird. Die dauernden Lockdowns und der Online-Unterricht haben meinen Alltag sowie auch meinen psychischen Zustand sehr ver\u00e4ndert.<\/p>\n<p>Letztes Jahr war es jedoch nicht so stressig, denn wir hatten sehr wenige online Stunden und wenigere Arbeitsauftr\u00e4ge. Dieses Jahr war es aber jedoch das Gegenteil. Ich war \u00fcberfordert wegen der vielen Aufgaben und wusste nicht, wie ich mir alles einteilen soll. Nebenbei musste ich auch f\u00fcr die Schularbeiten\/Tests lernen und auch R\u00fccksicht auf meine Gesundheit nehmen. Da wir schon seit \u00fcber einem Jahr zwischen dem Schichtbetrieb und dem Online-Unterricht wechseln, habe ich meine Motivation verloren, um noch etwas f\u00fcr die Schule zu tun, jedoch musste ich alle Aufgaben erledigen, damit meine guten Noten so bleiben.<\/p>\n<p>Da wir jetzt wieder im Normalbetrieb sind, hoffe ich, dass es weiterhin so bleiben wird und dass alles wieder in die Normalit\u00e4t zur\u00fcckkehrt.<\/p>\n<p><strong>Befragte Person: <\/strong><\/p>\n<p>Meine Freundin Patricia B. ist 15 Jahre alt und lebt in Rum\u00e4nien, im Dorf Apateu. Sie ist derzeit in der 8. Schulstufe und wegen der Pandemie musste sie auch zum Distance-Learning wechseln. Ihr Leben hat sich im Gro\u00dfen und Ganzen nicht ver\u00e4ndert, denn sie hat sich auch w\u00e4hrend den Lockdowns mit Freunden getroffen und ihr Alltag ist gleich geblieben.<\/p>\n<p>In ihrer Schule gab es keinen Schichtbetrieb, man musste keine Corona Tests machen, aber sie hatten auch eine Maskenpflicht. Die Schularbeiten und Tests haben nicht mehr stattgefunden und nicht alle Schulstufen mussten in die Schule gehen.<br \/>\n<iframe src=\"https:\/\/www.google.com\/maps\/embed?pb=!1m28!1m12!1m3!1d1379064.3460382058!2d18.027116702298756!3d47.53888762214453!2m3!1f0!2f0!3f0!3m2!1i1024!2i768!4f13.1!4m13!3e0!4m5!1s0x476d079e5136ca9f%3A0xfdc2e58a51a25b46!2sWien!3m2!1d48.208174299999996!2d16.3738189!4m5!1s0x474609c5ce96df15%3A0x76d3d9c7cd959e1b!2sApateu%2C%20317010%2C%20Rum%C3%A4nien!3m2!1d46.6212124!2d21.7726498!5e0!3m2!1sde!2sat!4v1623841829648!5m2!1sde!2sat\" width=\"600\" height=\"450\" style=\"border:0;\" allowfullscreen=\"\" loading=\"lazy\"><\/iframe><\/p>\n<p><a href=\"https:\/\/www.rg16.at\/index.php\/2021\/06\/16\/jugendliche-in-der-pandemie-ein-internationaler-vergleich\/\">zur\u00fcck<\/a><\/p>\n","protected":false},"excerpt":{"rendered":"<p>Meine pers\u00f6nliche Situation: Als die Pandemie anfing, dachte ich mir nicht, dass diese mein Leben so sehr beeinflussen wird. Die dauernden Lockdowns und der Online-Unterricht haben meinen Alltag sowie auch meinen psychischen Zustand sehr ver\u00e4ndert. Letztes Jahr war es jedoch<\/p>\n","protected":false},"author":26,"featured_media":0,"parent":0,"menu_order":0,"comment_status":"closed","ping_status":"closed","template":"","meta":[],"tags":[],"_links":{"self":[{"href":"https:\/\/www.rg16.at\/index.php\/wp-json\/wp\/v2\/pages\/12707"}],"collection":[{"href":"https:\/\/www.rg16.at\/index.php\/wp-json\/wp\/v2\/pages"}],"about":[{"href":"https:\/\/www.rg16.at\/index.php\/wp-json\/wp\/v2\/types\/page"}],"author":[{"embeddable":true,"href":"https:\/\/www.rg16.at\/index.php\/wp-json\/wp\/v2\/users\/26"}],"replies":[{"embeddable":true,"href":"https:\/\/www.rg16.at\/index.php\/wp-json\/wp\/v2\/comments?post=12707"}],"version-history":[{"count":8,"href":"https:\/\/www.rg16.at\/index.php\/wp-json\/wp\/v2\/pages\/12707\/revisions"}],"predecessor-version":[{"id":12809,"href":"https:\/\/www.rg16.at\/index.php\/wp-json\/wp\/v2\/pages\/12707\/revisions\/12809"}],"wp:attachment":[{"href":"https:\/\/www.rg16.at\/index.php\/wp-json\/wp\/v2\/media?parent=12707"}],"wp:term":[{"taxonomy":"post_tag","embeddable":true,"href":"https:\/\/www.rg16.at\/index.php\/wp-json\/wp\/v2\/tags?post=12707"}],"curies":[{"name":"wp","href":"https:\/\/api.w.org\/{rel}","templated":true}]}}