{"id":12704,"date":"2021-06-03T13:00:00","date_gmt":"2021-06-03T11:00:00","guid":{"rendered":"https:\/\/www.rg16.at\/?page_id=12704"},"modified":"2021-06-17T06:57:26","modified_gmt":"2021-06-17T04:57:26","slug":"beitrag-von-talha","status":"publish","type":"page","link":"https:\/\/www.rg16.at\/index.php\/beitrag-von-talha\/","title":{"rendered":"Beitrag von Talha"},"content":{"rendered":"<h1>Meine Situation<\/h1>\n<p>Vor etwa einem Jahr hat die Pandemie begonnen und das Leben der Bev\u00f6lkerung \u00d6sterreichs grundlegend ver\u00e4ndert. Auch ich bin nat\u00fcrlich davon betroffen. Die vielen Lockdowns haben zwar keinen mentalen Schaden bei mir verursacht, aber das Distance-Learning machte mir zu schaffen. Die vielen Aufgaben und die vermehrte Nutzung von elektronischen Ger\u00e4ten verursachten bei mir Kopfschmerzen und \u00dcbelkeit. Auch der damit verbundene Stress war ein echter Motivationskiller. Der Schichtbetrieb war zwar der erste Schritt in die Normalit\u00e4t, aber kaum hatte man sich an die Schule gew\u00f6hnt, musste man wieder acht Tage warten, bis man wieder zur Schule gehen durfte. Danach wurde der Pr\u00e4senzunterricht eingef\u00fchrt und man kehrte langsam zum Normalbetrieb zur\u00fcck. Die Pandemie hatte auch nicht nur schlechte sondern auch gute Auswirkungen auf mich. In dieser Zeit habe ich viele neue Aspekte in meinem Leben entdeckt. Ich habe angefangen mehr Zeit mit meiner Familie und Freunden zu verbringen, aber auch neue Hobbys haben Platz in meinem Leben bekommen.<\/p>\n<h1>Befragte Person<\/h1>\n<p>Name: Uzair M. (16)<\/p>\n<p>Wohnort: Naval Colony (kleines Dorf in Pakistan)<\/p>\n<p>Uzair geht in die Crescent Public School. In der Pandemie wurde seine Schule f\u00fcr zehn Monate geschlossen. In dieser Zeit hatte er keinen Online-Unterricht und hatte jeglichen Kontakt zur Schule verloren. Nach dieser Zeit musste er jede Woche einmal zur Schule hin und sich die Aufgaben f\u00fcr die kommenden Wochen abholen. Gleichzeitig wurden die erledigten Aufgaben abgegeben. F\u00fcr ihn war die Pandemie eher eine Erholung von seinem sonst so strengen Schulalltag. Er hat die Zeit zu Hause genossen und versp\u00fcrte keinerlei Einsamkeit. Uzair M. traf sich mit seinen Freunden und Verwandten, wann immer er wollte. Laut seiner Aussage hat er sich kaum an die Ma\u00dfnahmen gehalten. In dieser Zeit hat er den ganzen Tag damit verbracht zu spielen oder sich mit Cricket zu besch\u00e4ftigen. Da er in einem Haus wohnt und er sich an die Ausgangsbeschr\u00e4nkung nicht gehalten hat, war er nie eingeengt. Uzair hat keine negativen Erfahrungen mit der Pandemie gemacht.<br \/>\n<iframe src=\"https:\/\/www.google.com\/maps\/embed?pb=!1m28!1m12!1m3!1d13180798.85510023!2d32.664736068516525!3d36.240259876364355!2m3!1f0!2f0!3f0!3m2!1i1024!2i768!4f13.1!4m13!3e0!4m5!1s0x476d079e5136ca9f%3A0xfdc2e58a51a25b46!2sWien!3m2!1d48.208174299999996!2d16.3738189!4m5!1s0x3eb36b3d57aeb849%3A0xf6cdaeb8344f76b1!2sNaval%20Colony%2C%20Karatschi%2C%20Pakistan!3m2!1d24.9453192!2d66.9377434!5e0!3m2!1sde!2sat!4v1623841935524!5m2!1sde!2sat\" width=\"600\" height=\"450\" style=\"border:0;\" allowfullscreen=\"\" loading=\"lazy\"><\/iframe><\/p>\n<p><a href=\"https:\/\/www.rg16.at\/index.php\/2021\/06\/16\/jugendliche-in-der-pandemie-ein-internationaler-vergleich\/\">zur\u00fcck<\/a><\/p>\n","protected":false},"excerpt":{"rendered":"<p>Meine Situation Vor etwa einem Jahr hat die Pandemie begonnen und das Leben der Bev\u00f6lkerung \u00d6sterreichs grundlegend ver\u00e4ndert. Auch ich bin nat\u00fcrlich davon betroffen. Die vielen Lockdowns haben zwar keinen mentalen Schaden bei mir verursacht, aber das Distance-Learning machte mir<\/p>\n","protected":false},"author":26,"featured_media":0,"parent":0,"menu_order":0,"comment_status":"closed","ping_status":"closed","template":"","meta":[],"tags":[],"_links":{"self":[{"href":"https:\/\/www.rg16.at\/index.php\/wp-json\/wp\/v2\/pages\/12704"}],"collection":[{"href":"https:\/\/www.rg16.at\/index.php\/wp-json\/wp\/v2\/pages"}],"about":[{"href":"https:\/\/www.rg16.at\/index.php\/wp-json\/wp\/v2\/types\/page"}],"author":[{"embeddable":true,"href":"https:\/\/www.rg16.at\/index.php\/wp-json\/wp\/v2\/users\/26"}],"replies":[{"embeddable":true,"href":"https:\/\/www.rg16.at\/index.php\/wp-json\/wp\/v2\/comments?post=12704"}],"version-history":[{"count":8,"href":"https:\/\/www.rg16.at\/index.php\/wp-json\/wp\/v2\/pages\/12704\/revisions"}],"predecessor-version":[{"id":12860,"href":"https:\/\/www.rg16.at\/index.php\/wp-json\/wp\/v2\/pages\/12704\/revisions\/12860"}],"wp:attachment":[{"href":"https:\/\/www.rg16.at\/index.php\/wp-json\/wp\/v2\/media?parent=12704"}],"wp:term":[{"taxonomy":"post_tag","embeddable":true,"href":"https:\/\/www.rg16.at\/index.php\/wp-json\/wp\/v2\/tags?post=12704"}],"curies":[{"name":"wp","href":"https:\/\/api.w.org\/{rel}","templated":true}]}}