{"id":12701,"date":"2021-06-03T12:58:09","date_gmt":"2021-06-03T10:58:09","guid":{"rendered":"https:\/\/www.rg16.at\/?page_id=12701"},"modified":"2021-06-17T06:51:17","modified_gmt":"2021-06-17T04:51:17","slug":"beitrag-von-aaron","status":"publish","type":"page","link":"https:\/\/www.rg16.at\/index.php\/beitrag-von-aaron\/","title":{"rendered":"Beitrag von Aaron"},"content":{"rendered":"<h1>Meine Situation:<\/h1>\n<p>Seit schon mehr als einem Jahr sucht Corona \u00d6sterreich heim und so wie bei vielen anderen hat sich mein Alltag grundlegend ver\u00e4ndert. Seit dem ersten Lockdown wird bei uns Teams benutzt, um Lehrstunden zu besuchen und die etwaigen Hausaufgaben abzugeben. Jedoch hat sich bei mir neben der Digitalisierung auch der gr\u00f6\u00dfere Medienkonsum eingeschlichen. Diese \u00c4nderungen und der Fakt, dass Pl\u00e4ne f\u00fcr Ausfl\u00fcge und Urlaube nicht stattfinden konnten, wirkten sich auf meine Psyche in Form von Wut und Niedergeschlagenheit sowie Stress und Druck aus. Die Folgen waren aber nicht nur negativ. Ich fand neue Interessen, sowohl in der digitalen als auch in der realen Welt und verabredete mich gelegentlich mit Familienmitgliedern zum Essen. Au\u00dferdem, um den schlechten Effekten noch st\u00e4rker entgegenzutreten, habe ich mich bem\u00fcht, meinen Tagesablauf so gut wie m\u00f6glich beizubehalten und weiterhin soziale Kontakte zu pflegen.<\/p>\n<h1>Befragte Person<\/h1>\n<p>Emma K. (15) \/ Bekannte<\/p>\n<p>Wohnort: Gera\/Th\u00fcringen (Deutschland); Einwohnerzahl: 93.125<\/p>\n<p>So wie mir ist meiner Kontaktperson ihr gr\u00f6\u00dferer Medienkonsum aufgefallen. Nebenbei gesagt wurden sie in Gera im Gegensatz zu hier alle mit Tablets ausgestattet und es wurde dort sogar ein eigenes Programm, welches Teams oder\/und Zoom \u00e4hnelt, entwickelt. Der dortige Lockdown fiel in \u00e4hnlicher Weise aus, dauert jedoch l\u00e4nger. Ihr Kontakt mit ihrer Familie hat sich verringert und die negativen Effekte wirkten sich bei ihr in Form von Unsicherheit, Langeweile, Angst und Sorge um die Verwandten aus. Sie k\u00e4mpfte dagegen mit Laufen, als Ersatz f\u00fcr ihren Vereinssport, an. F\u00fcr die Zukunft w\u00fcnscht sie wieder einen Regelbetrieb in ihrem Sportverein und auch die allgemeine R\u00fcckkehr in die Normalit\u00e4t.<br \/>\n<iframe src=\"https:\/\/www.google.com\/maps\/embed?pb=!1m28!1m12!1m3!1d1323368.4213867413!2d13.264847875134043!3d49.62218577268236!2m3!1f0!2f0!3f0!3m2!1i1024!2i768!4f13.1!4m13!3e0!4m5!1s0x476d079e5136ca9f%3A0xfdc2e58a51a25b46!2sWien!3m2!1d48.208174299999996!2d16.3738189!4m5!1s0x47a6cf602bedd70f%3A0x4208ec174333610!2sGera%2C%20Deutschland!3m2!1d50.8850706!2d12.0807203!5e0!3m2!1sde!2sat!4v1623840690229!5m2!1sde!2sat\" width=\"600\" height=\"450\" style=\"border:0;\" allowfullscreen=\"\" loading=\"lazy\"><\/iframe><\/p>\n<p><a href=\"https:\/\/www.rg16.at\/?p=12586&amp;preview=true\">zur\u00fcck<\/a><\/p>\n","protected":false},"excerpt":{"rendered":"<p>Meine Situation: Seit schon mehr als einem Jahr sucht Corona \u00d6sterreich heim und so wie bei vielen anderen hat sich mein Alltag grundlegend ver\u00e4ndert. Seit dem ersten Lockdown wird bei uns Teams benutzt, um Lehrstunden zu besuchen und die etwaigen<\/p>\n","protected":false},"author":26,"featured_media":0,"parent":0,"menu_order":0,"comment_status":"closed","ping_status":"closed","template":"","meta":[],"tags":[],"_links":{"self":[{"href":"https:\/\/www.rg16.at\/index.php\/wp-json\/wp\/v2\/pages\/12701"}],"collection":[{"href":"https:\/\/www.rg16.at\/index.php\/wp-json\/wp\/v2\/pages"}],"about":[{"href":"https:\/\/www.rg16.at\/index.php\/wp-json\/wp\/v2\/types\/page"}],"author":[{"embeddable":true,"href":"https:\/\/www.rg16.at\/index.php\/wp-json\/wp\/v2\/users\/26"}],"replies":[{"embeddable":true,"href":"https:\/\/www.rg16.at\/index.php\/wp-json\/wp\/v2\/comments?post=12701"}],"version-history":[{"count":11,"href":"https:\/\/www.rg16.at\/index.php\/wp-json\/wp\/v2\/pages\/12701\/revisions"}],"predecessor-version":[{"id":12847,"href":"https:\/\/www.rg16.at\/index.php\/wp-json\/wp\/v2\/pages\/12701\/revisions\/12847"}],"wp:attachment":[{"href":"https:\/\/www.rg16.at\/index.php\/wp-json\/wp\/v2\/media?parent=12701"}],"wp:term":[{"taxonomy":"post_tag","embeddable":true,"href":"https:\/\/www.rg16.at\/index.php\/wp-json\/wp\/v2\/tags?post=12701"}],"curies":[{"name":"wp","href":"https:\/\/api.w.org\/{rel}","templated":true}]}}