{"id":12694,"date":"2021-06-03T12:54:07","date_gmt":"2021-06-03T10:54:07","guid":{"rendered":"https:\/\/www.rg16.at\/?page_id=12694"},"modified":"2021-06-17T06:58:28","modified_gmt":"2021-06-17T04:58:28","slug":"beitrag-von-ugur","status":"publish","type":"page","link":"https:\/\/www.rg16.at\/index.php\/beitrag-von-ugur\/","title":{"rendered":"Beitrag von U\u011fur"},"content":{"rendered":"<p><b><i><span data-contrast=\"auto\">Meine pers\u00f6nliche Situation<\/span><\/i><\/b><\/p>\n<p><span data-contrast=\"auto\">Durch das Auftreten der ersten Lockdowns wurde mein Leben komplett ver\u00e4ndert. Meine Noten wurden immer schlechter und ich kann seit Beginn des ersten Lockdowns nicht mehr richtig schlafen. Das tut mir beziehungsweise meiner Psyche nicht gut. Dadurch hatte ich nat\u00fcrlich keine Motivation mehr f\u00fcr die Schule und habe immer weniger Haus\u00fcbungen gebracht, was dazu f\u00fchrte, dass ich schlechtere Noten schrieb. So habe ich mich und meine Eltern immer mehr entt\u00e4uscht. Ich wollte nach einer Weile einfach nur noch hinaus, denn ich habe mich eingesperrt gef\u00fchlt. Das ging leider auch nur alleine. Ich hoffe nur, dass sich alles zum Besseren wendet und wir endlich wieder unsere Freiheit haben. <\/span><\/p>\n<p><b><i><span data-contrast=\"auto\">Befragte Person<\/span><\/i><\/b><\/p>\n<p><span data-contrast=\"auto\">Ich habe meine Cousine Yudum G. aus der T\u00fcrkei <\/span><i><span data-contrast=\"none\">(\u00c7e\u015ftepe, <\/span><\/i><i><span data-contrast=\"none\">Efeler\/Ayd\u0131n, 579 Einwohner)<\/span><\/i> <span data-contrast=\"auto\">kontaktiert, um sie zu interviewen. Es stellte sich heraus, dass es ihr fast genauso ging wie mir. <\/span><span data-contrast=\"auto\">Eine der wichtigsten Regeln war, dass Schulen geschlossen waren (Online-Unterricht im ganzen Land) au\u00dfer f\u00fcr die achten und die zw\u00f6lften Schulstufen, da sie Pr\u00fcfungen und derartiges machen m\u00fcssen (Das Bildungssystem in der T\u00fcrkei ist ganz anders als in \u00d6sterreich, weshalb man die Schulen in den beiden L\u00e4ndern schwer vergleichen kann oder warum es nicht so leicht ist, die Situation dort zu beschreiben.) Sie hat mir auch erz\u00e4hlt, dass sich die Regeln schon fast w\u00f6chentlich ver\u00e4ndern, also m\u00fcsse man immer wieder die Nachrichten anschauen.<\/span><br \/>\n<iframe src=\"https:\/\/www.google.com\/maps\/embed?pb=!1m28!1m12!1m3!1d5983053.576204854!2d17.303659439676377!3d42.927421958605855!2m3!1f0!2f0!3f0!3m2!1i1024!2i768!4f13.1!4m13!3e0!4m5!1s0x476d079e5136ca9f%3A0xfdc2e58a51a25b46!2sWien!3m2!1d48.208174299999996!2d16.3738189!4m5!1s0x14b92b3638758d63%3A0x6ddb8b7ce5d8aa16!2zw4dlxZ90ZXBlLCBFZmVsZXIvQXlkxLFuLCBUw7xya2Vp!3m2!1d37.8172504!2d27.8516564!5e0!3m2!1sde!2sat!4v1623841762473!5m2!1sde!2sat\" width=\"600\" height=\"450\" style=\"border:0;\" allowfullscreen=\"\" loading=\"lazy\"><\/iframe><\/p>\n<p><a href=\"https:\/\/www.rg16.at\/index.php\/2021\/06\/16\/jugendliche-in-der-pandemie-ein-internationaler-vergleich\/\">zur\u00fcck<\/a><\/p>\n","protected":false},"excerpt":{"rendered":"<p>Meine pers\u00f6nliche Situation Durch das Auftreten der ersten Lockdowns wurde mein Leben komplett ver\u00e4ndert. Meine Noten wurden immer schlechter und ich kann seit Beginn des ersten Lockdowns nicht mehr richtig schlafen. Das tut mir beziehungsweise meiner Psyche nicht gut. Dadurch<\/p>\n","protected":false},"author":26,"featured_media":0,"parent":0,"menu_order":0,"comment_status":"closed","ping_status":"closed","template":"","meta":[],"tags":[],"_links":{"self":[{"href":"https:\/\/www.rg16.at\/index.php\/wp-json\/wp\/v2\/pages\/12694"}],"collection":[{"href":"https:\/\/www.rg16.at\/index.php\/wp-json\/wp\/v2\/pages"}],"about":[{"href":"https:\/\/www.rg16.at\/index.php\/wp-json\/wp\/v2\/types\/page"}],"author":[{"embeddable":true,"href":"https:\/\/www.rg16.at\/index.php\/wp-json\/wp\/v2\/users\/26"}],"replies":[{"embeddable":true,"href":"https:\/\/www.rg16.at\/index.php\/wp-json\/wp\/v2\/comments?post=12694"}],"version-history":[{"count":7,"href":"https:\/\/www.rg16.at\/index.php\/wp-json\/wp\/v2\/pages\/12694\/revisions"}],"predecessor-version":[{"id":12862,"href":"https:\/\/www.rg16.at\/index.php\/wp-json\/wp\/v2\/pages\/12694\/revisions\/12862"}],"wp:attachment":[{"href":"https:\/\/www.rg16.at\/index.php\/wp-json\/wp\/v2\/media?parent=12694"}],"wp:term":[{"taxonomy":"post_tag","embeddable":true,"href":"https:\/\/www.rg16.at\/index.php\/wp-json\/wp\/v2\/tags?post=12694"}],"curies":[{"name":"wp","href":"https:\/\/api.w.org\/{rel}","templated":true}]}}