{"id":125,"date":"2015-06-10T12:26:25","date_gmt":"2015-06-10T10:26:25","guid":{"rendered":"http:\/\/brg16.casc.at\/?page_id=125"},"modified":"2018-06-27T15:43:29","modified_gmt":"2018-06-27T13:43:29","slug":"olympiaden","status":"publish","type":"page","link":"https:\/\/www.rg16.at\/index.php\/zusatzangebote\/olympiaden\/","title":{"rendered":"Olympiaden"},"content":{"rendered":"<h2>Chemieolympiade<\/h2>\n<p>Leitung: Prof. Rita Neumann<\/p>\n<p>Bei dieser unverbindlichen \u00dcbung treffen sich jede Woche chemiebegeisterte Sch\u00fclerinnen und Sch\u00fcler, um r\u00e4tselhafte Problemstellungen eigenst\u00e4ndig zu l\u00f6sen. Warum kann es einen interessieren, den Chemieolympiadekurs zu besuchen?<\/p>\n<ul>\n<li>Praktische Arbeiten im Labor<\/li>\n<li>Eigenst\u00e4ndiges Forschen um an L\u00f6sungen von Aufgabenstellungen zu kommen<\/li>\n<li>\u00dcbung f\u00fcr naturwissenschaftliche Studien (Chemie, Physik, Medizin, Pharmazie, Ern\u00e4hrungswissenschaften, Veterin\u00e4rmedizin, &#8230; )<\/li>\n<li>Vorbereitung auf den Olympiadewettbewerb<\/li>\n<li>Soziales Treffen in der Kleingruppe<\/li>\n<\/ul>\n<p>Gegen Ende des Jahres gibt es einen Kurswettbewerb, der ein Wettkampf untereinander darstellt. Nat\u00fcrlich gibt es sch\u00f6ne Preise zu gewinnen, aber in Wahrheit geht es dabei weder um Preise noch Noten, sondern um die Ehre. Die drei besten Sch\u00fclerinnen und Sch\u00fcler unserer Schule qualifizieren sich f\u00fcr den Landeswettbewerb, vielleicht auch f\u00fcr den Bundeswettbewerb oder gar den internationalen Bewerb, der z.B. 2017 in Thailand stattfand. (<a href=\"http:\/\/www.oecho.at\" target=\"_blank\" rel=\"noopener\">www.oecho.at<\/a>)<\/p>\n<p><img decoding=\"async\" loading=\"lazy\" class=\"alignnone size-full wp-image-7877\" src=\"https:\/\/www.rg16.at\/wp-content\/uploads\/2018\/06\/chemie3.jpg\" alt=\"\" width=\"200\" height=\"151\" \/><\/p>\n<p>Organisation:<\/p>\n<ul>\n<li>Unverbindliche \u00dcbung<\/li>\n<li>1x pro Woche, zwei Stunden<\/li>\n<li>F\u00fcr Sch\u00fclerinnen und Sch\u00fcler der Oberstufe und auf Anfrage auch der Unterstufe<\/li>\n<li>Abschlie\u00dfender Wettbewerb mit Preisen und Urkunden<\/li>\n<li>Keine Note, im Zeugnis erscheint nur ein \u201eteilgenommen\u201c<\/li>\n<\/ul>\n<p><img decoding=\"async\" loading=\"lazy\" class=\"alignnone size-full wp-image-7878\" src=\"https:\/\/www.rg16.at\/wp-content\/uploads\/2018\/06\/chemie2.jpg\" alt=\"\" width=\"150\" height=\"198\" \/><\/p>\n<p>&nbsp;<\/p>\n","protected":false},"excerpt":{"rendered":"<p>Chemieolympiade Leitung: Prof. Rita Neumann Bei dieser unverbindlichen \u00dcbung treffen sich jede Woche chemiebegeisterte Sch\u00fclerinnen und Sch\u00fcler, um r\u00e4tselhafte Problemstellungen eigenst\u00e4ndig zu l\u00f6sen. Warum kann es einen interessieren, den Chemieolympiadekurs zu besuchen? Praktische Arbeiten im Labor Eigenst\u00e4ndiges Forschen um an<\/p>\n","protected":false},"author":71,"featured_media":0,"parent":59,"menu_order":0,"comment_status":"closed","ping_status":"closed","template":"","meta":[],"tags":[96,95,97],"_links":{"self":[{"href":"https:\/\/www.rg16.at\/index.php\/wp-json\/wp\/v2\/pages\/125"}],"collection":[{"href":"https:\/\/www.rg16.at\/index.php\/wp-json\/wp\/v2\/pages"}],"about":[{"href":"https:\/\/www.rg16.at\/index.php\/wp-json\/wp\/v2\/types\/page"}],"author":[{"embeddable":true,"href":"https:\/\/www.rg16.at\/index.php\/wp-json\/wp\/v2\/users\/71"}],"replies":[{"embeddable":true,"href":"https:\/\/www.rg16.at\/index.php\/wp-json\/wp\/v2\/comments?post=125"}],"version-history":[{"count":19,"href":"https:\/\/www.rg16.at\/index.php\/wp-json\/wp\/v2\/pages\/125\/revisions"}],"predecessor-version":[{"id":7875,"href":"https:\/\/www.rg16.at\/index.php\/wp-json\/wp\/v2\/pages\/125\/revisions\/7875"}],"up":[{"embeddable":true,"href":"https:\/\/www.rg16.at\/index.php\/wp-json\/wp\/v2\/pages\/59"}],"wp:attachment":[{"href":"https:\/\/www.rg16.at\/index.php\/wp-json\/wp\/v2\/media?parent=125"}],"wp:term":[{"taxonomy":"post_tag","embeddable":true,"href":"https:\/\/www.rg16.at\/index.php\/wp-json\/wp\/v2\/tags?post=125"}],"curies":[{"name":"wp","href":"https:\/\/api.w.org\/{rel}","templated":true}]}}